{"id":1565,"date":"2023-12-18T15:32:52","date_gmt":"2023-12-18T15:32:52","guid":{"rendered":"https:\/\/gorinacloth.es\/rechtlicher-hinweis\/"},"modified":"2025-06-04T11:27:19","modified_gmt":"2025-06-04T11:27:19","slug":"rechtlicher-hinweis","status":"publish","type":"page","link":"https:\/\/gorinacloth.es\/de\/rechtlicher-hinweis\/","title":{"rendered":"Rechtlicher Hinweis"},"content":{"rendered":"\n<p>In \u00dcbereinstimmung mit dem Gesetz 34\/2002 \u00fcber die Dienste der Informationsgesellschaft und den elektronischen Handel (LSSI-CE) stellen wir Ihnen die folgenden Informationen zur Verf\u00fcgung:<\/p>\n\n<p><strong>Name des Unternehmens:<\/strong> Evercloth S.L.<br\/><strong>Steuer-ID (CIF\/NIF):<\/strong> B65817041<br\/><strong>Eingetragene Anschrift:<\/strong> c\/ del Pare Rodamilans, 77, 2n, 08205 Sabadell, Spanien<br\/><strong>E-Mail:<\/strong> sales@gorina.es<br\/><strong>Telefon:<\/strong> +34 937 450 722<\/p>\n\n<p>Indem Sie auf diese Website zugreifen und sie nutzen, akzeptieren Sie die unten beschriebenen Nutzungsbedingungen und Haftungsbeschr\u00e4nkungen. Der gesamte Inhalt der Website, einschlie\u00dflich der Bilder, Texte und Designs, ist durch Gesetze zum Schutz des geistigen Eigentums gesch\u00fctzt. Es ist strengstens untersagt, Inhalte ohne vorherige schriftliche Genehmigung von Evercloth S.L. zu vervielf\u00e4ltigen, zu verbreiten oder zu ver\u00e4ndern.  <\/p>\n\n<p>Evercloth S.L. haftet nicht f\u00fcr direkte oder indirekte Sch\u00e4den, die durch die Nutzung dieser Website oder durch Links zu Dritten entstehen. Wir behalten uns das Recht vor, die Website und ihren Inhalt jederzeit und ohne vorherige Ank\u00fcndigung zu \u00e4ndern. <\/p>\n","protected":false},"excerpt":{"rendered":"<p>In \u00dcbereinstimmung mit dem Gesetz 34\/2002 \u00fcber die Dienste der Informationsgesellschaft und den elektronischen Handel (LSSI-CE) stellen wir Ihnen die folgenden Informationen zur Verf\u00fcgung: Name des Unternehmens: Evercloth S.L.Steuer-ID (CIF\/NIF): &hellip;<\/p>\n","protected":false},"author":1,"featured_media":0,"parent":0,"menu_order":0,"comment_status":"closed","ping_status":"closed","template":"","meta":{"_acf_changed":false,"footnotes":""},"class_list":["post-1565","page","type-page","status-publish","hentry"],"acf":[],"yoast_head":"<!-- This site is optimized with the Yoast SEO plugin v27.3 - https:\/\/yoast.com\/product\/yoast-seo-wordpress\/ -->\n<title>Rechtlicher Hinweis - Gorina Cloth<\/title>\n<meta name=\"description\" content=\"In \u00dcbereinstimmung mit dem Gesetz 34\/2002 \u00fcber die Dienste der Informationsgesellschaft und den elektronischen Handel (LSSI-CE) stellen wir Ihnen die\" \/>\n<meta name=\"robots\" content=\"index, follow, max-snippet:-1, max-image-preview:large, max-video-preview:-1\" \/>\n<link rel=\"canonical\" href=\"https:\/\/gorinacloth.es\/de\/rechtlicher-hinweis\/\" \/>\n<meta property=\"og:locale\" content=\"de_DE\" \/>\n<meta property=\"og:type\" content=\"article\" \/>\n<meta property=\"og:title\" content=\"Rechtlicher Hinweis - Gorina Cloth\" \/>\n<meta property=\"og:description\" content=\"In \u00dcbereinstimmung mit dem Gesetz 34\/2002 \u00fcber die Dienste der Informationsgesellschaft und den elektronischen Handel (LSSI-CE) stellen wir Ihnen die\" \/>\n<meta property=\"og:url\" content=\"https:\/\/gorinacloth.es\/de\/rechtlicher-hinweis\/\" \/>\n<meta property=\"og:site_name\" content=\"Gorina Cloth\" \/>\n<meta property=\"article:modified_time\" content=\"2025-06-04T11:27:19+00:00\" \/>\n<meta name=\"twitter:card\" content=\"summary_large_image\" \/>\n<meta name=\"twitter:label1\" content=\"Gesch\u00e4tzte Lesezeit\" \/>\n\t<meta name=\"twitter:data1\" content=\"1\u00a0Minute\" \/>\n<script type=\"application\/ld+json\" class=\"yoast-schema-graph\">{\"@context\":\"https:\\\/\\\/schema.org\",\"@graph\":[{\"@type\":\"WebPage\",\"@id\":\"https:\\\/\\\/gorinacloth.es\\\/de\\\/rechtlicher-hinweis\\\/\",\"url\":\"https:\\\/\\\/gorinacloth.es\\\/de\\\/rechtlicher-hinweis\\\/\",\"name\":\"Rechtlicher Hinweis - Gorina Cloth\",\"isPartOf\":{\"@id\":\"https:\\\/\\\/gorinacloth.es\\\/de\\\/#website\"},\"datePublished\":\"2023-12-18T15:32:52+00:00\",\"dateModified\":\"2025-06-04T11:27:19+00:00\",\"description\":\"In \u00dcbereinstimmung mit dem Gesetz 34\\\/2002 \u00fcber die Dienste der Informationsgesellschaft und den elektronischen Handel (LSSI-CE) stellen wir Ihnen die\",\"breadcrumb\":{\"@id\":\"https:\\\/\\\/gorinacloth.es\\\/de\\\/rechtlicher-hinweis\\\/#breadcrumb\"},\"inLanguage\":\"de\",\"potentialAction\":[{\"@type\":\"ReadAction\",\"target\":[\"https:\\\/\\\/gorinacloth.es\\\/de\\\/rechtlicher-hinweis\\\/\"]}]},{\"@type\":\"BreadcrumbList\",\"@id\":\"https:\\\/\\\/gorinacloth.es\\\/de\\\/rechtlicher-hinweis\\\/#breadcrumb\",\"itemListElement\":[{\"@type\":\"ListItem\",\"position\":1,\"name\":\"Portada\",\"item\":\"https:\\\/\\\/gorinacloth.es\\\/de\\\/\"},{\"@type\":\"ListItem\",\"position\":2,\"name\":\"Rechtlicher Hinweis\"}]},{\"@type\":\"WebSite\",\"@id\":\"https:\\\/\\\/gorinacloth.es\\\/de\\\/#website\",\"url\":\"https:\\\/\\\/gorinacloth.es\\\/de\\\/\",\"name\":\"Gorina Cloth\",\"description\":\"\",\"publisher\":{\"@id\":\"https:\\\/\\\/gorinacloth.es\\\/de\\\/#organization\"},\"potentialAction\":[{\"@type\":\"SearchAction\",\"target\":{\"@type\":\"EntryPoint\",\"urlTemplate\":\"https:\\\/\\\/gorinacloth.es\\\/de\\\/?s={search_term_string}\"},\"query-input\":{\"@type\":\"PropertyValueSpecification\",\"valueRequired\":true,\"valueName\":\"search_term_string\"}}],\"inLanguage\":\"de\"},{\"@type\":\"Organization\",\"@id\":\"https:\\\/\\\/gorinacloth.es\\\/de\\\/#organization\",\"name\":\"Gorina Cloth\",\"url\":\"https:\\\/\\\/gorinacloth.es\\\/de\\\/\",\"logo\":{\"@type\":\"ImageObject\",\"inLanguage\":\"de\",\"@id\":\"https:\\\/\\\/gorinacloth.es\\\/de\\\/#\\\/schema\\\/logo\\\/image\\\/\",\"url\":\"https:\\\/\\\/gorinacloth.es\\\/wp-content\\\/uploads\\\/logo-gorina-white.svg\",\"contentUrl\":\"https:\\\/\\\/gorinacloth.es\\\/wp-content\\\/uploads\\\/logo-gorina-white.svg\",\"width\":143,\"height\":53,\"caption\":\"Gorina Cloth\"},\"image\":{\"@id\":\"https:\\\/\\\/gorinacloth.es\\\/de\\\/#\\\/schema\\\/logo\\\/image\\\/\"}}]}<\/script>\n<!-- \/ Yoast SEO plugin. -->","yoast_head_json":{"title":"Rechtlicher Hinweis - Gorina Cloth","description":"In \u00dcbereinstimmung mit dem Gesetz 34\/2002 \u00fcber die Dienste der Informationsgesellschaft und den elektronischen Handel (LSSI-CE) stellen wir Ihnen die","robots":{"index":"index","follow":"follow","max-snippet":"max-snippet:-1","max-image-preview":"max-image-preview:large","max-video-preview":"max-video-preview:-1"},"canonical":"https:\/\/gorinacloth.es\/de\/rechtlicher-hinweis\/","og_locale":"de_DE","og_type":"article","og_title":"Rechtlicher Hinweis - Gorina Cloth","og_description":"In \u00dcbereinstimmung mit dem Gesetz 34\/2002 \u00fcber die Dienste der Informationsgesellschaft und den elektronischen Handel (LSSI-CE) stellen wir Ihnen die","og_url":"https:\/\/gorinacloth.es\/de\/rechtlicher-hinweis\/","og_site_name":"Gorina Cloth","article_modified_time":"2025-06-04T11:27:19+00:00","twitter_card":"summary_large_image","twitter_misc":{"Gesch\u00e4tzte Lesezeit":"1\u00a0Minute"},"schema":{"@context":"https:\/\/schema.org","@graph":[{"@type":"WebPage","@id":"https:\/\/gorinacloth.es\/de\/rechtlicher-hinweis\/","url":"https:\/\/gorinacloth.es\/de\/rechtlicher-hinweis\/","name":"Rechtlicher Hinweis - Gorina Cloth","isPartOf":{"@id":"https:\/\/gorinacloth.es\/de\/#website"},"datePublished":"2023-12-18T15:32:52+00:00","dateModified":"2025-06-04T11:27:19+00:00","description":"In \u00dcbereinstimmung mit dem Gesetz 34\/2002 \u00fcber die Dienste der Informationsgesellschaft und den elektronischen Handel (LSSI-CE) stellen wir Ihnen die","breadcrumb":{"@id":"https:\/\/gorinacloth.es\/de\/rechtlicher-hinweis\/#breadcrumb"},"inLanguage":"de","potentialAction":[{"@type":"ReadAction","target":["https:\/\/gorinacloth.es\/de\/rechtlicher-hinweis\/"]}]},{"@type":"BreadcrumbList","@id":"https:\/\/gorinacloth.es\/de\/rechtlicher-hinweis\/#breadcrumb","itemListElement":[{"@type":"ListItem","position":1,"name":"Portada","item":"https:\/\/gorinacloth.es\/de\/"},{"@type":"ListItem","position":2,"name":"Rechtlicher Hinweis"}]},{"@type":"WebSite","@id":"https:\/\/gorinacloth.es\/de\/#website","url":"https:\/\/gorinacloth.es\/de\/","name":"Gorina Cloth","description":"","publisher":{"@id":"https:\/\/gorinacloth.es\/de\/#organization"},"potentialAction":[{"@type":"SearchAction","target":{"@type":"EntryPoint","urlTemplate":"https:\/\/gorinacloth.es\/de\/?s={search_term_string}"},"query-input":{"@type":"PropertyValueSpecification","valueRequired":true,"valueName":"search_term_string"}}],"inLanguage":"de"},{"@type":"Organization","@id":"https:\/\/gorinacloth.es\/de\/#organization","name":"Gorina Cloth","url":"https:\/\/gorinacloth.es\/de\/","logo":{"@type":"ImageObject","inLanguage":"de","@id":"https:\/\/gorinacloth.es\/de\/#\/schema\/logo\/image\/","url":"https:\/\/gorinacloth.es\/wp-content\/uploads\/logo-gorina-white.svg","contentUrl":"https:\/\/gorinacloth.es\/wp-content\/uploads\/logo-gorina-white.svg","width":143,"height":53,"caption":"Gorina Cloth"},"image":{"@id":"https:\/\/gorinacloth.es\/de\/#\/schema\/logo\/image\/"}}]}},"_links":{"self":[{"href":"https:\/\/gorinacloth.es\/de\/wp-json\/wp\/v2\/pages\/1565","targetHints":{"allow":["GET"]}}],"collection":[{"href":"https:\/\/gorinacloth.es\/de\/wp-json\/wp\/v2\/pages"}],"about":[{"href":"https:\/\/gorinacloth.es\/de\/wp-json\/wp\/v2\/types\/page"}],"author":[{"embeddable":true,"href":"https:\/\/gorinacloth.es\/de\/wp-json\/wp\/v2\/users\/1"}],"replies":[{"embeddable":true,"href":"https:\/\/gorinacloth.es\/de\/wp-json\/wp\/v2\/comments?post=1565"}],"version-history":[{"count":0,"href":"https:\/\/gorinacloth.es\/de\/wp-json\/wp\/v2\/pages\/1565\/revisions"}],"wp:attachment":[{"href":"https:\/\/gorinacloth.es\/de\/wp-json\/wp\/v2\/media?parent=1565"}],"curies":[{"name":"wp","href":"https:\/\/api.w.org\/{rel}","templated":true}]}}