{"id":1663,"date":"2025-03-17T08:36:04","date_gmt":"2025-03-17T08:36:04","guid":{"rendered":"https:\/\/gorinacloth.es\/versand\/"},"modified":"2025-06-04T11:28:46","modified_gmt":"2025-06-04T11:28:46","slug":"versand","status":"publish","type":"page","link":"https:\/\/gorinacloth.es\/de\/versand\/","title":{"rendered":"Versand"},"content":{"rendered":"\n<ul class=\"wp-block-list\">\n<li><strong>Herkunft:<\/strong> Alle Bestellungen werden aus Spanien verschickt.<\/li>\n\n\n\n<li><strong>Spediteure:<\/strong> Wir arbeiten mit verschiedenen Anbietern zusammen, darunter Correos, DHL, FedEx und Nacex.<\/li>\n\n\n\n<li><strong>Gesch\u00e4tzte Lieferfrist:<\/strong>\n<ul class=\"wp-block-list\">\n<li><strong>Spanien:<\/strong> 1-2 Arbeitstage<\/li>\n\n\n\n<li><strong>International:<\/strong> 2-10 Werktage, je nach Zielort<\/li>\n<\/ul>\n<\/li>\n\n\n\n<li><strong>Zollabgaben:<\/strong> Kunden aus L\u00e4ndern au\u00dferhalb der Europ\u00e4ischen Union (wie z.B. den USA oder Australien) sind f\u00fcr alle Einfuhrz\u00f6lle, Steuern oder Zollabfertigungsgeb\u00fchren verantwortlich. Evercloth S.L. \u00fcbernimmt keine Verantwortung f\u00fcr solche Geb\u00fchren. Wenn Sie sich nicht sicher sind, empfehlen wir Ihnen, sich vor Ihrer Bestellung bei Ihrer \u00f6rtlichen Zollbeh\u00f6rde zu erkundigen.  <\/li>\n<\/ul>\n","protected":false},"excerpt":{"rendered":"","protected":false},"author":1,"featured_media":0,"parent":0,"menu_order":0,"comment_status":"closed","ping_status":"closed","template":"","meta":{"_acf_changed":false,"footnotes":""},"class_list":["post-1663","page","type-page","status-publish","hentry"],"acf":[],"yoast_head":"<!-- This site is optimized with the Yoast SEO plugin v27.3 - https:\/\/yoast.com\/product\/yoast-seo-wordpress\/ -->\n<title>Versand - Gorina Cloth<\/title>\n<meta name=\"description\" content=\"Herkunft: Alle Bestellungen werden aus Spanien verschickt. Spediteure: Wir arbeiten mit verschiedenen Anbietern zusammen, darunter Correos, DHL, FedEx und\" \/>\n<meta name=\"robots\" content=\"index, follow, max-snippet:-1, max-image-preview:large, max-video-preview:-1\" \/>\n<link rel=\"canonical\" href=\"https:\/\/gorinacloth.es\/de\/versand\/\" \/>\n<meta property=\"og:locale\" content=\"de_DE\" \/>\n<meta property=\"og:type\" content=\"article\" \/>\n<meta property=\"og:title\" content=\"Versand - Gorina Cloth\" \/>\n<meta property=\"og:description\" content=\"Herkunft: Alle Bestellungen werden aus Spanien verschickt. Spediteure: Wir arbeiten mit verschiedenen Anbietern zusammen, darunter Correos, DHL, FedEx und\" \/>\n<meta property=\"og:url\" content=\"https:\/\/gorinacloth.es\/de\/versand\/\" \/>\n<meta property=\"og:site_name\" content=\"Gorina Cloth\" \/>\n<meta property=\"article:modified_time\" content=\"2025-06-04T11:28:46+00:00\" \/>\n<meta name=\"twitter:card\" content=\"summary_large_image\" \/>\n<script type=\"application\/ld+json\" class=\"yoast-schema-graph\">{\"@context\":\"https:\\\/\\\/schema.org\",\"@graph\":[{\"@type\":\"WebPage\",\"@id\":\"https:\\\/\\\/gorinacloth.es\\\/de\\\/versand\\\/\",\"url\":\"https:\\\/\\\/gorinacloth.es\\\/de\\\/versand\\\/\",\"name\":\"Versand - Gorina Cloth\",\"isPartOf\":{\"@id\":\"https:\\\/\\\/gorinacloth.es\\\/de\\\/#website\"},\"datePublished\":\"2025-03-17T08:36:04+00:00\",\"dateModified\":\"2025-06-04T11:28:46+00:00\",\"description\":\"Herkunft: Alle Bestellungen werden aus Spanien verschickt. Spediteure: Wir arbeiten mit verschiedenen Anbietern zusammen, darunter Correos, DHL, FedEx und\",\"breadcrumb\":{\"@id\":\"https:\\\/\\\/gorinacloth.es\\\/de\\\/versand\\\/#breadcrumb\"},\"inLanguage\":\"de\",\"potentialAction\":[{\"@type\":\"ReadAction\",\"target\":[\"https:\\\/\\\/gorinacloth.es\\\/de\\\/versand\\\/\"]}]},{\"@type\":\"BreadcrumbList\",\"@id\":\"https:\\\/\\\/gorinacloth.es\\\/de\\\/versand\\\/#breadcrumb\",\"itemListElement\":[{\"@type\":\"ListItem\",\"position\":1,\"name\":\"Portada\",\"item\":\"https:\\\/\\\/gorinacloth.es\\\/de\\\/\"},{\"@type\":\"ListItem\",\"position\":2,\"name\":\"Versand\"}]},{\"@type\":\"WebSite\",\"@id\":\"https:\\\/\\\/gorinacloth.es\\\/de\\\/#website\",\"url\":\"https:\\\/\\\/gorinacloth.es\\\/de\\\/\",\"name\":\"Gorina Cloth\",\"description\":\"\",\"publisher\":{\"@id\":\"https:\\\/\\\/gorinacloth.es\\\/de\\\/#organization\"},\"potentialAction\":[{\"@type\":\"SearchAction\",\"target\":{\"@type\":\"EntryPoint\",\"urlTemplate\":\"https:\\\/\\\/gorinacloth.es\\\/de\\\/?s={search_term_string}\"},\"query-input\":{\"@type\":\"PropertyValueSpecification\",\"valueRequired\":true,\"valueName\":\"search_term_string\"}}],\"inLanguage\":\"de\"},{\"@type\":\"Organization\",\"@id\":\"https:\\\/\\\/gorinacloth.es\\\/de\\\/#organization\",\"name\":\"Gorina Cloth\",\"url\":\"https:\\\/\\\/gorinacloth.es\\\/de\\\/\",\"logo\":{\"@type\":\"ImageObject\",\"inLanguage\":\"de\",\"@id\":\"https:\\\/\\\/gorinacloth.es\\\/de\\\/#\\\/schema\\\/logo\\\/image\\\/\",\"url\":\"https:\\\/\\\/gorinacloth.es\\\/wp-content\\\/uploads\\\/logo-gorina-white.svg\",\"contentUrl\":\"https:\\\/\\\/gorinacloth.es\\\/wp-content\\\/uploads\\\/logo-gorina-white.svg\",\"width\":143,\"height\":53,\"caption\":\"Gorina Cloth\"},\"image\":{\"@id\":\"https:\\\/\\\/gorinacloth.es\\\/de\\\/#\\\/schema\\\/logo\\\/image\\\/\"}}]}<\/script>\n<!-- \/ Yoast SEO plugin. -->","yoast_head_json":{"title":"Versand - Gorina Cloth","description":"Herkunft: Alle Bestellungen werden aus Spanien verschickt. Spediteure: Wir arbeiten mit verschiedenen Anbietern zusammen, darunter Correos, DHL, FedEx und","robots":{"index":"index","follow":"follow","max-snippet":"max-snippet:-1","max-image-preview":"max-image-preview:large","max-video-preview":"max-video-preview:-1"},"canonical":"https:\/\/gorinacloth.es\/de\/versand\/","og_locale":"de_DE","og_type":"article","og_title":"Versand - Gorina Cloth","og_description":"Herkunft: Alle Bestellungen werden aus Spanien verschickt. Spediteure: Wir arbeiten mit verschiedenen Anbietern zusammen, darunter Correos, DHL, FedEx und","og_url":"https:\/\/gorinacloth.es\/de\/versand\/","og_site_name":"Gorina Cloth","article_modified_time":"2025-06-04T11:28:46+00:00","twitter_card":"summary_large_image","schema":{"@context":"https:\/\/schema.org","@graph":[{"@type":"WebPage","@id":"https:\/\/gorinacloth.es\/de\/versand\/","url":"https:\/\/gorinacloth.es\/de\/versand\/","name":"Versand - Gorina Cloth","isPartOf":{"@id":"https:\/\/gorinacloth.es\/de\/#website"},"datePublished":"2025-03-17T08:36:04+00:00","dateModified":"2025-06-04T11:28:46+00:00","description":"Herkunft: Alle Bestellungen werden aus Spanien verschickt. Spediteure: Wir arbeiten mit verschiedenen Anbietern zusammen, darunter Correos, DHL, FedEx und","breadcrumb":{"@id":"https:\/\/gorinacloth.es\/de\/versand\/#breadcrumb"},"inLanguage":"de","potentialAction":[{"@type":"ReadAction","target":["https:\/\/gorinacloth.es\/de\/versand\/"]}]},{"@type":"BreadcrumbList","@id":"https:\/\/gorinacloth.es\/de\/versand\/#breadcrumb","itemListElement":[{"@type":"ListItem","position":1,"name":"Portada","item":"https:\/\/gorinacloth.es\/de\/"},{"@type":"ListItem","position":2,"name":"Versand"}]},{"@type":"WebSite","@id":"https:\/\/gorinacloth.es\/de\/#website","url":"https:\/\/gorinacloth.es\/de\/","name":"Gorina Cloth","description":"","publisher":{"@id":"https:\/\/gorinacloth.es\/de\/#organization"},"potentialAction":[{"@type":"SearchAction","target":{"@type":"EntryPoint","urlTemplate":"https:\/\/gorinacloth.es\/de\/?s={search_term_string}"},"query-input":{"@type":"PropertyValueSpecification","valueRequired":true,"valueName":"search_term_string"}}],"inLanguage":"de"},{"@type":"Organization","@id":"https:\/\/gorinacloth.es\/de\/#organization","name":"Gorina Cloth","url":"https:\/\/gorinacloth.es\/de\/","logo":{"@type":"ImageObject","inLanguage":"de","@id":"https:\/\/gorinacloth.es\/de\/#\/schema\/logo\/image\/","url":"https:\/\/gorinacloth.es\/wp-content\/uploads\/logo-gorina-white.svg","contentUrl":"https:\/\/gorinacloth.es\/wp-content\/uploads\/logo-gorina-white.svg","width":143,"height":53,"caption":"Gorina Cloth"},"image":{"@id":"https:\/\/gorinacloth.es\/de\/#\/schema\/logo\/image\/"}}]}},"_links":{"self":[{"href":"https:\/\/gorinacloth.es\/de\/wp-json\/wp\/v2\/pages\/1663","targetHints":{"allow":["GET"]}}],"collection":[{"href":"https:\/\/gorinacloth.es\/de\/wp-json\/wp\/v2\/pages"}],"about":[{"href":"https:\/\/gorinacloth.es\/de\/wp-json\/wp\/v2\/types\/page"}],"author":[{"embeddable":true,"href":"https:\/\/gorinacloth.es\/de\/wp-json\/wp\/v2\/users\/1"}],"replies":[{"embeddable":true,"href":"https:\/\/gorinacloth.es\/de\/wp-json\/wp\/v2\/comments?post=1663"}],"version-history":[{"count":0,"href":"https:\/\/gorinacloth.es\/de\/wp-json\/wp\/v2\/pages\/1663\/revisions"}],"wp:attachment":[{"href":"https:\/\/gorinacloth.es\/de\/wp-json\/wp\/v2\/media?parent=1663"}],"curies":[{"name":"wp","href":"https:\/\/api.w.org\/{rel}","templated":true}]}}