{"id":1665,"date":"2025-03-17T08:36:24","date_gmt":"2025-03-17T08:36:24","guid":{"rendered":"https:\/\/gorinacloth.es\/verkaufsbedingungen-und-konditionen\/"},"modified":"2025-06-04T11:28:46","modified_gmt":"2025-06-04T11:28:46","slug":"verkaufsbedingungen-und-konditionen","status":"publish","type":"page","link":"https:\/\/gorinacloth.es\/de\/verkaufsbedingungen-und-konditionen\/","title":{"rendered":"Verkaufsbedingungen und Konditionen"},"content":{"rendered":"\n<p>Wenn Sie eine Bestellung auf unserer Website aufgeben, erkl\u00e4ren Sie sich mit den folgenden Bedingungen einverstanden:<\/p>\n\n<ul class=\"wp-block-list\">\n<li><strong>Zahlungsarten:<\/strong> Wir akzeptieren Kredit-\/Debitkarten, PayPal und Bank\u00fcberweisung. Die Zahlungen werden sicher \u00fcber Mollie abgewickelt. <\/li>\n\n\n\n<li><strong>Versand:<\/strong> Bestellungen werden von Spanien aus verschickt. Nationale Lieferungen dauern 1-2 Werktage. Internationale Lieferungen dauern 2-10 Werktage, je nach Zielort und Versandart.  <\/li>\n\n\n\n<li><strong>Z\u00f6lle und Abgaben:<\/strong> Kunden au\u00dferhalb der Europ\u00e4ischen Union (wie z.B. die USA oder Australien) sind f\u00fcr alle anfallenden Z\u00f6lle, Steuern oder Importgeb\u00fchren selbst verantwortlich. Bitte pr\u00fcfen Sie Ihre \u00f6rtlichen Bestimmungen, bevor Sie eine Bestellung aufgeben. Wenn Sie Zweifel haben, kontaktieren Sie uns vor dem Kauf.  <\/li>\n\n\n\n<li><strong>Gro\u00dfbestellungen:<\/strong> Bei Gro\u00dfbestellungen empfehlen wir Ihnen, sich direkt mit uns in Verbindung zu setzen, um ma\u00dfgeschneiderte Preise und Gr\u00f6\u00dfenoptionen zu besprechen.<\/li>\n<\/ul>\n","protected":false},"excerpt":{"rendered":"<p>Wenn Sie eine Bestellung auf unserer Website aufgeben, erkl\u00e4ren Sie sich mit den folgenden Bedingungen einverstanden:<\/p>\n","protected":false},"author":1,"featured_media":0,"parent":0,"menu_order":0,"comment_status":"closed","ping_status":"closed","template":"","meta":{"_acf_changed":false,"footnotes":""},"class_list":["post-1665","page","type-page","status-publish","hentry"],"acf":[],"yoast_head":"<!-- This site is optimized with the Yoast SEO plugin v27.3 - https:\/\/yoast.com\/product\/yoast-seo-wordpress\/ -->\n<title>Verkaufsbedingungen und Konditionen - Gorina Cloth<\/title>\n<meta name=\"description\" content=\"Wenn Sie eine Bestellung auf unserer Website aufgeben, erkl\u00e4ren Sie sich mit den folgenden Bedingungen einverstanden: Zahlungsarten: Wir akzeptieren\" \/>\n<meta name=\"robots\" content=\"index, follow, max-snippet:-1, max-image-preview:large, max-video-preview:-1\" \/>\n<link rel=\"canonical\" href=\"https:\/\/gorinacloth.es\/de\/verkaufsbedingungen-und-konditionen\/\" \/>\n<meta property=\"og:locale\" content=\"de_DE\" \/>\n<meta property=\"og:type\" content=\"article\" \/>\n<meta property=\"og:title\" content=\"Verkaufsbedingungen und Konditionen - Gorina Cloth\" \/>\n<meta property=\"og:description\" content=\"Wenn Sie eine Bestellung auf unserer Website aufgeben, erkl\u00e4ren Sie sich mit den folgenden Bedingungen einverstanden: Zahlungsarten: Wir akzeptieren\" \/>\n<meta property=\"og:url\" content=\"https:\/\/gorinacloth.es\/de\/verkaufsbedingungen-und-konditionen\/\" \/>\n<meta property=\"og:site_name\" content=\"Gorina Cloth\" \/>\n<meta property=\"article:modified_time\" content=\"2025-06-04T11:28:46+00:00\" \/>\n<meta name=\"twitter:card\" content=\"summary_large_image\" \/>\n<meta name=\"twitter:label1\" content=\"Gesch\u00e4tzte Lesezeit\" \/>\n\t<meta name=\"twitter:data1\" content=\"1\u00a0Minute\" \/>\n<script type=\"application\/ld+json\" class=\"yoast-schema-graph\">{\"@context\":\"https:\\\/\\\/schema.org\",\"@graph\":[{\"@type\":\"WebPage\",\"@id\":\"https:\\\/\\\/gorinacloth.es\\\/de\\\/verkaufsbedingungen-und-konditionen\\\/\",\"url\":\"https:\\\/\\\/gorinacloth.es\\\/de\\\/verkaufsbedingungen-und-konditionen\\\/\",\"name\":\"Verkaufsbedingungen und Konditionen - Gorina Cloth\",\"isPartOf\":{\"@id\":\"https:\\\/\\\/gorinacloth.es\\\/de\\\/#website\"},\"datePublished\":\"2025-03-17T08:36:24+00:00\",\"dateModified\":\"2025-06-04T11:28:46+00:00\",\"description\":\"Wenn Sie eine Bestellung auf unserer Website aufgeben, erkl\u00e4ren Sie sich mit den folgenden Bedingungen einverstanden: Zahlungsarten: Wir akzeptieren\",\"breadcrumb\":{\"@id\":\"https:\\\/\\\/gorinacloth.es\\\/de\\\/verkaufsbedingungen-und-konditionen\\\/#breadcrumb\"},\"inLanguage\":\"de\",\"potentialAction\":[{\"@type\":\"ReadAction\",\"target\":[\"https:\\\/\\\/gorinacloth.es\\\/de\\\/verkaufsbedingungen-und-konditionen\\\/\"]}]},{\"@type\":\"BreadcrumbList\",\"@id\":\"https:\\\/\\\/gorinacloth.es\\\/de\\\/verkaufsbedingungen-und-konditionen\\\/#breadcrumb\",\"itemListElement\":[{\"@type\":\"ListItem\",\"position\":1,\"name\":\"Portada\",\"item\":\"https:\\\/\\\/gorinacloth.es\\\/de\\\/\"},{\"@type\":\"ListItem\",\"position\":2,\"name\":\"Verkaufsbedingungen und Konditionen\"}]},{\"@type\":\"WebSite\",\"@id\":\"https:\\\/\\\/gorinacloth.es\\\/de\\\/#website\",\"url\":\"https:\\\/\\\/gorinacloth.es\\\/de\\\/\",\"name\":\"Gorina Cloth\",\"description\":\"\",\"publisher\":{\"@id\":\"https:\\\/\\\/gorinacloth.es\\\/de\\\/#organization\"},\"potentialAction\":[{\"@type\":\"SearchAction\",\"target\":{\"@type\":\"EntryPoint\",\"urlTemplate\":\"https:\\\/\\\/gorinacloth.es\\\/de\\\/?s={search_term_string}\"},\"query-input\":{\"@type\":\"PropertyValueSpecification\",\"valueRequired\":true,\"valueName\":\"search_term_string\"}}],\"inLanguage\":\"de\"},{\"@type\":\"Organization\",\"@id\":\"https:\\\/\\\/gorinacloth.es\\\/de\\\/#organization\",\"name\":\"Gorina Cloth\",\"url\":\"https:\\\/\\\/gorinacloth.es\\\/de\\\/\",\"logo\":{\"@type\":\"ImageObject\",\"inLanguage\":\"de\",\"@id\":\"https:\\\/\\\/gorinacloth.es\\\/de\\\/#\\\/schema\\\/logo\\\/image\\\/\",\"url\":\"https:\\\/\\\/gorinacloth.es\\\/wp-content\\\/uploads\\\/logo-gorina-white.svg\",\"contentUrl\":\"https:\\\/\\\/gorinacloth.es\\\/wp-content\\\/uploads\\\/logo-gorina-white.svg\",\"width\":143,\"height\":53,\"caption\":\"Gorina Cloth\"},\"image\":{\"@id\":\"https:\\\/\\\/gorinacloth.es\\\/de\\\/#\\\/schema\\\/logo\\\/image\\\/\"}}]}<\/script>\n<!-- \/ Yoast SEO plugin. -->","yoast_head_json":{"title":"Verkaufsbedingungen und Konditionen - Gorina Cloth","description":"Wenn Sie eine Bestellung auf unserer Website aufgeben, erkl\u00e4ren Sie sich mit den folgenden Bedingungen einverstanden: Zahlungsarten: Wir akzeptieren","robots":{"index":"index","follow":"follow","max-snippet":"max-snippet:-1","max-image-preview":"max-image-preview:large","max-video-preview":"max-video-preview:-1"},"canonical":"https:\/\/gorinacloth.es\/de\/verkaufsbedingungen-und-konditionen\/","og_locale":"de_DE","og_type":"article","og_title":"Verkaufsbedingungen und Konditionen - Gorina Cloth","og_description":"Wenn Sie eine Bestellung auf unserer Website aufgeben, erkl\u00e4ren Sie sich mit den folgenden Bedingungen einverstanden: Zahlungsarten: Wir akzeptieren","og_url":"https:\/\/gorinacloth.es\/de\/verkaufsbedingungen-und-konditionen\/","og_site_name":"Gorina Cloth","article_modified_time":"2025-06-04T11:28:46+00:00","twitter_card":"summary_large_image","twitter_misc":{"Gesch\u00e4tzte Lesezeit":"1\u00a0Minute"},"schema":{"@context":"https:\/\/schema.org","@graph":[{"@type":"WebPage","@id":"https:\/\/gorinacloth.es\/de\/verkaufsbedingungen-und-konditionen\/","url":"https:\/\/gorinacloth.es\/de\/verkaufsbedingungen-und-konditionen\/","name":"Verkaufsbedingungen und Konditionen - Gorina Cloth","isPartOf":{"@id":"https:\/\/gorinacloth.es\/de\/#website"},"datePublished":"2025-03-17T08:36:24+00:00","dateModified":"2025-06-04T11:28:46+00:00","description":"Wenn Sie eine Bestellung auf unserer Website aufgeben, erkl\u00e4ren Sie sich mit den folgenden Bedingungen einverstanden: Zahlungsarten: Wir akzeptieren","breadcrumb":{"@id":"https:\/\/gorinacloth.es\/de\/verkaufsbedingungen-und-konditionen\/#breadcrumb"},"inLanguage":"de","potentialAction":[{"@type":"ReadAction","target":["https:\/\/gorinacloth.es\/de\/verkaufsbedingungen-und-konditionen\/"]}]},{"@type":"BreadcrumbList","@id":"https:\/\/gorinacloth.es\/de\/verkaufsbedingungen-und-konditionen\/#breadcrumb","itemListElement":[{"@type":"ListItem","position":1,"name":"Portada","item":"https:\/\/gorinacloth.es\/de\/"},{"@type":"ListItem","position":2,"name":"Verkaufsbedingungen und Konditionen"}]},{"@type":"WebSite","@id":"https:\/\/gorinacloth.es\/de\/#website","url":"https:\/\/gorinacloth.es\/de\/","name":"Gorina Cloth","description":"","publisher":{"@id":"https:\/\/gorinacloth.es\/de\/#organization"},"potentialAction":[{"@type":"SearchAction","target":{"@type":"EntryPoint","urlTemplate":"https:\/\/gorinacloth.es\/de\/?s={search_term_string}"},"query-input":{"@type":"PropertyValueSpecification","valueRequired":true,"valueName":"search_term_string"}}],"inLanguage":"de"},{"@type":"Organization","@id":"https:\/\/gorinacloth.es\/de\/#organization","name":"Gorina Cloth","url":"https:\/\/gorinacloth.es\/de\/","logo":{"@type":"ImageObject","inLanguage":"de","@id":"https:\/\/gorinacloth.es\/de\/#\/schema\/logo\/image\/","url":"https:\/\/gorinacloth.es\/wp-content\/uploads\/logo-gorina-white.svg","contentUrl":"https:\/\/gorinacloth.es\/wp-content\/uploads\/logo-gorina-white.svg","width":143,"height":53,"caption":"Gorina Cloth"},"image":{"@id":"https:\/\/gorinacloth.es\/de\/#\/schema\/logo\/image\/"}}]}},"_links":{"self":[{"href":"https:\/\/gorinacloth.es\/de\/wp-json\/wp\/v2\/pages\/1665","targetHints":{"allow":["GET"]}}],"collection":[{"href":"https:\/\/gorinacloth.es\/de\/wp-json\/wp\/v2\/pages"}],"about":[{"href":"https:\/\/gorinacloth.es\/de\/wp-json\/wp\/v2\/types\/page"}],"author":[{"embeddable":true,"href":"https:\/\/gorinacloth.es\/de\/wp-json\/wp\/v2\/users\/1"}],"replies":[{"embeddable":true,"href":"https:\/\/gorinacloth.es\/de\/wp-json\/wp\/v2\/comments?post=1665"}],"version-history":[{"count":0,"href":"https:\/\/gorinacloth.es\/de\/wp-json\/wp\/v2\/pages\/1665\/revisions"}],"wp:attachment":[{"href":"https:\/\/gorinacloth.es\/de\/wp-json\/wp\/v2\/media?parent=1665"}],"curies":[{"name":"wp","href":"https:\/\/api.w.org\/{rel}","templated":true}]}}