{"id":1577,"date":"2025-03-17T08:36:04","date_gmt":"2025-03-17T08:36:04","guid":{"rendered":"https:\/\/gorinacloth.esvio\/"},"modified":"2025-06-04T11:27:26","modified_gmt":"2025-06-04T11:27:26","slug":"envio","status":"publish","type":"page","link":"https:\/\/gorinacloth.es\/es\/envio\/","title":{"rendered":"Env\u00edo"},"content":{"rendered":"\n<ul class=\"wp-block-list\">\n<li><strong>Origen:<\/strong> Todos los pedidos se env\u00edan desde Espa\u00f1a.<\/li>\n\n\n\n<li><strong>Transportistas:<\/strong> Trabajamos con varios proveedores, como Correos, DHL, FedEx y Nacex.<\/li>\n\n\n\n<li><strong>Tiempo estimado de entrega:<\/strong>\n<ul class=\"wp-block-list\">\n<li><strong>Espa\u00f1a:<\/strong> 1-2 d\u00edas laborables<\/li>\n\n\n\n<li><strong>Internacional:<\/strong> de 2 a 10 d\u00edas laborables, seg\u00fan el destino<\/li>\n<\/ul>\n<\/li>\n\n\n\n<li><strong>Derechos de aduana:<\/strong> Los clientes de pa\u00edses no pertenecientes a la Uni\u00f3n Europea (como EE.UU. o Australia) son responsables de cualquier derecho de importaci\u00f3n, impuesto o tasa de despacho de aduanas. Evercloth S.L. no se hace responsable de dichos cargos. Si no est\u00e1s seguro, te recomendamos que te pongas en contacto con tu oficina de aduanas local para obtener m\u00e1s informaci\u00f3n antes de realizar el pedido.  <\/li>\n<\/ul>\n","protected":false},"excerpt":{"rendered":"","protected":false},"author":1,"featured_media":0,"parent":0,"menu_order":0,"comment_status":"closed","ping_status":"closed","template":"","meta":{"_acf_changed":false,"footnotes":""},"class_list":["post-1577","page","type-page","status-publish","hentry"],"acf":[],"yoast_head":"<!-- This site is optimized with the Yoast SEO plugin v27.3 - https:\/\/yoast.com\/product\/yoast-seo-wordpress\/ -->\n<title>Env\u00edo - Gorina Cloth<\/title>\n<meta name=\"description\" content=\"Origen: Todos los pedidos se env\u00edan desde Espa\u00f1a. Transportistas: Trabajamos con varios proveedores, como Correos, DHL, FedEx y Nacex. Tiempo estimado de\" \/>\n<meta name=\"robots\" content=\"index, follow, max-snippet:-1, max-image-preview:large, max-video-preview:-1\" \/>\n<link rel=\"canonical\" href=\"https:\/\/gorinacloth.es\/es\/envio\/\" \/>\n<meta property=\"og:locale\" content=\"es_ES\" \/>\n<meta property=\"og:type\" content=\"article\" \/>\n<meta property=\"og:title\" content=\"Env\u00edo - Gorina Cloth\" \/>\n<meta property=\"og:description\" content=\"Origen: Todos los pedidos se env\u00edan desde Espa\u00f1a. Transportistas: Trabajamos con varios proveedores, como Correos, DHL, FedEx y Nacex. Tiempo estimado de\" \/>\n<meta property=\"og:url\" content=\"https:\/\/gorinacloth.es\/es\/envio\/\" \/>\n<meta property=\"og:site_name\" content=\"Gorina Cloth\" \/>\n<meta property=\"article:modified_time\" content=\"2025-06-04T11:27:26+00:00\" \/>\n<meta name=\"twitter:card\" content=\"summary_large_image\" \/>\n<meta name=\"twitter:label1\" content=\"Tiempo de lectura\" \/>\n\t<meta name=\"twitter:data1\" content=\"1 minuto\" \/>\n<script type=\"application\/ld+json\" class=\"yoast-schema-graph\">{\"@context\":\"https:\\\/\\\/schema.org\",\"@graph\":[{\"@type\":\"WebPage\",\"@id\":\"https:\\\/\\\/gorinacloth.es\\\/es\\\/envio\\\/\",\"url\":\"https:\\\/\\\/gorinacloth.es\\\/es\\\/envio\\\/\",\"name\":\"Env\u00edo - Gorina Cloth\",\"isPartOf\":{\"@id\":\"https:\\\/\\\/gorinacloth.es\\\/es\\\/#website\"},\"datePublished\":\"2025-03-17T08:36:04+00:00\",\"dateModified\":\"2025-06-04T11:27:26+00:00\",\"description\":\"Origen: Todos los pedidos se env\u00edan desde Espa\u00f1a. Transportistas: Trabajamos con varios proveedores, como Correos, DHL, FedEx y Nacex. Tiempo estimado de\",\"breadcrumb\":{\"@id\":\"https:\\\/\\\/gorinacloth.es\\\/es\\\/envio\\\/#breadcrumb\"},\"inLanguage\":\"es\",\"potentialAction\":[{\"@type\":\"ReadAction\",\"target\":[\"https:\\\/\\\/gorinacloth.es\\\/es\\\/envio\\\/\"]}]},{\"@type\":\"BreadcrumbList\",\"@id\":\"https:\\\/\\\/gorinacloth.es\\\/es\\\/envio\\\/#breadcrumb\",\"itemListElement\":[{\"@type\":\"ListItem\",\"position\":1,\"name\":\"Portada\",\"item\":\"https:\\\/\\\/gorinacloth.es\\\/es\\\/\"},{\"@type\":\"ListItem\",\"position\":2,\"name\":\"Env\u00edo\"}]},{\"@type\":\"WebSite\",\"@id\":\"https:\\\/\\\/gorinacloth.es\\\/es\\\/#website\",\"url\":\"https:\\\/\\\/gorinacloth.es\\\/es\\\/\",\"name\":\"Gorina Cloth\",\"description\":\"\",\"publisher\":{\"@id\":\"https:\\\/\\\/gorinacloth.es\\\/es\\\/#organization\"},\"potentialAction\":[{\"@type\":\"SearchAction\",\"target\":{\"@type\":\"EntryPoint\",\"urlTemplate\":\"https:\\\/\\\/gorinacloth.es\\\/es\\\/?s={search_term_string}\"},\"query-input\":{\"@type\":\"PropertyValueSpecification\",\"valueRequired\":true,\"valueName\":\"search_term_string\"}}],\"inLanguage\":\"es\"},{\"@type\":\"Organization\",\"@id\":\"https:\\\/\\\/gorinacloth.es\\\/es\\\/#organization\",\"name\":\"Gorina Cloth\",\"url\":\"https:\\\/\\\/gorinacloth.es\\\/es\\\/\",\"logo\":{\"@type\":\"ImageObject\",\"inLanguage\":\"es\",\"@id\":\"https:\\\/\\\/gorinacloth.es\\\/es\\\/#\\\/schema\\\/logo\\\/image\\\/\",\"url\":\"https:\\\/\\\/gorinacloth.es\\\/wp-content\\\/uploads\\\/logo-gorina-white.svg\",\"contentUrl\":\"https:\\\/\\\/gorinacloth.es\\\/wp-content\\\/uploads\\\/logo-gorina-white.svg\",\"width\":143,\"height\":53,\"caption\":\"Gorina Cloth\"},\"image\":{\"@id\":\"https:\\\/\\\/gorinacloth.es\\\/es\\\/#\\\/schema\\\/logo\\\/image\\\/\"}}]}<\/script>\n<!-- \/ Yoast SEO plugin. -->","yoast_head_json":{"title":"Env\u00edo - Gorina Cloth","description":"Origen: Todos los pedidos se env\u00edan desde Espa\u00f1a. Transportistas: Trabajamos con varios proveedores, como Correos, DHL, FedEx y Nacex. Tiempo estimado de","robots":{"index":"index","follow":"follow","max-snippet":"max-snippet:-1","max-image-preview":"max-image-preview:large","max-video-preview":"max-video-preview:-1"},"canonical":"https:\/\/gorinacloth.es\/es\/envio\/","og_locale":"es_ES","og_type":"article","og_title":"Env\u00edo - Gorina Cloth","og_description":"Origen: Todos los pedidos se env\u00edan desde Espa\u00f1a. Transportistas: Trabajamos con varios proveedores, como Correos, DHL, FedEx y Nacex. Tiempo estimado de","og_url":"https:\/\/gorinacloth.es\/es\/envio\/","og_site_name":"Gorina Cloth","article_modified_time":"2025-06-04T11:27:26+00:00","twitter_card":"summary_large_image","twitter_misc":{"Tiempo de lectura":"1 minuto"},"schema":{"@context":"https:\/\/schema.org","@graph":[{"@type":"WebPage","@id":"https:\/\/gorinacloth.es\/es\/envio\/","url":"https:\/\/gorinacloth.es\/es\/envio\/","name":"Env\u00edo - Gorina Cloth","isPartOf":{"@id":"https:\/\/gorinacloth.es\/es\/#website"},"datePublished":"2025-03-17T08:36:04+00:00","dateModified":"2025-06-04T11:27:26+00:00","description":"Origen: Todos los pedidos se env\u00edan desde Espa\u00f1a. Transportistas: Trabajamos con varios proveedores, como Correos, DHL, FedEx y Nacex. Tiempo estimado de","breadcrumb":{"@id":"https:\/\/gorinacloth.es\/es\/envio\/#breadcrumb"},"inLanguage":"es","potentialAction":[{"@type":"ReadAction","target":["https:\/\/gorinacloth.es\/es\/envio\/"]}]},{"@type":"BreadcrumbList","@id":"https:\/\/gorinacloth.es\/es\/envio\/#breadcrumb","itemListElement":[{"@type":"ListItem","position":1,"name":"Portada","item":"https:\/\/gorinacloth.es\/es\/"},{"@type":"ListItem","position":2,"name":"Env\u00edo"}]},{"@type":"WebSite","@id":"https:\/\/gorinacloth.es\/es\/#website","url":"https:\/\/gorinacloth.es\/es\/","name":"Gorina Cloth","description":"","publisher":{"@id":"https:\/\/gorinacloth.es\/es\/#organization"},"potentialAction":[{"@type":"SearchAction","target":{"@type":"EntryPoint","urlTemplate":"https:\/\/gorinacloth.es\/es\/?s={search_term_string}"},"query-input":{"@type":"PropertyValueSpecification","valueRequired":true,"valueName":"search_term_string"}}],"inLanguage":"es"},{"@type":"Organization","@id":"https:\/\/gorinacloth.es\/es\/#organization","name":"Gorina Cloth","url":"https:\/\/gorinacloth.es\/es\/","logo":{"@type":"ImageObject","inLanguage":"es","@id":"https:\/\/gorinacloth.es\/es\/#\/schema\/logo\/image\/","url":"https:\/\/gorinacloth.es\/wp-content\/uploads\/logo-gorina-white.svg","contentUrl":"https:\/\/gorinacloth.es\/wp-content\/uploads\/logo-gorina-white.svg","width":143,"height":53,"caption":"Gorina Cloth"},"image":{"@id":"https:\/\/gorinacloth.es\/es\/#\/schema\/logo\/image\/"}}]}},"_links":{"self":[{"href":"https:\/\/gorinacloth.es\/es\/wp-json\/wp\/v2\/pages\/1577","targetHints":{"allow":["GET"]}}],"collection":[{"href":"https:\/\/gorinacloth.es\/es\/wp-json\/wp\/v2\/pages"}],"about":[{"href":"https:\/\/gorinacloth.es\/es\/wp-json\/wp\/v2\/types\/page"}],"author":[{"embeddable":true,"href":"https:\/\/gorinacloth.es\/es\/wp-json\/wp\/v2\/users\/1"}],"replies":[{"embeddable":true,"href":"https:\/\/gorinacloth.es\/es\/wp-json\/wp\/v2\/comments?post=1577"}],"version-history":[{"count":0,"href":"https:\/\/gorinacloth.es\/es\/wp-json\/wp\/v2\/pages\/1577\/revisions"}],"wp:attachment":[{"href":"https:\/\/gorinacloth.es\/es\/wp-json\/wp\/v2\/media?parent=1577"}],"curies":[{"name":"wp","href":"https:\/\/api.w.org\/{rel}","templated":true}]}}