{"id":1583,"date":"2025-03-17T08:36:24","date_gmt":"2025-03-17T08:36:24","guid":{"rendered":"https:\/\/gorinacloth.es\/condiciones-de-venta\/"},"modified":"2025-06-04T11:27:26","modified_gmt":"2025-06-04T11:27:26","slug":"condiciones-de-venta","status":"publish","type":"page","link":"https:\/\/gorinacloth.es\/es\/condiciones-de-venta\/","title":{"rendered":"Condiciones de venta"},"content":{"rendered":"\n<p>Al realizar un pedido en nuestro sitio web, aceptas las siguientes condiciones:<\/p>\n\n<ul class=\"wp-block-list\">\n<li><strong>Formas de pago:<\/strong> Aceptamos tarjetas de cr\u00e9dito\/d\u00e9bito, PayPal y transferencia bancaria. Los pagos se procesan de forma segura a trav\u00e9s de Mollie. <\/li>\n\n\n\n<li><strong>Env\u00edos:<\/strong> Los pedidos se env\u00edan desde Espa\u00f1a. Las entregas nacionales tardan 1-2 d\u00edas laborables. Los env\u00edos internacionales tardan entre 2 y 10 d\u00edas laborables, dependiendo del destino y del m\u00e9todo de env\u00edo.  <\/li>\n\n\n\n<li><strong>Aduanas y aranceles:<\/strong> Los clientes de fuera de la Uni\u00f3n Europea (como EE.UU. o Australia) son los \u00fanicos responsables de los derechos de aduana, impuestos o cargos de importaci\u00f3n aplicables. Comprueba tu normativa local antes de hacer un pedido. En caso de duda, ponte en contacto con nosotros antes de la compra.  <\/li>\n\n\n\n<li><strong>Pedidos grandes:<\/strong> Para compras al por mayor, te recomendamos que te pongas en contacto con nosotros directamente para hablar de precios y opciones de tama\u00f1o a medida.<\/li>\n<\/ul>\n","protected":false},"excerpt":{"rendered":"<p>Al realizar un pedido en nuestro sitio web, aceptas las siguientes condiciones:<\/p>\n","protected":false},"author":1,"featured_media":0,"parent":0,"menu_order":0,"comment_status":"closed","ping_status":"closed","template":"","meta":{"_acf_changed":false,"footnotes":""},"class_list":["post-1583","page","type-page","status-publish","hentry"],"acf":[],"yoast_head":"<!-- This site is optimized with the Yoast SEO plugin v27.3 - https:\/\/yoast.com\/product\/yoast-seo-wordpress\/ -->\n<title>Condiciones de venta - Gorina Cloth<\/title>\n<meta name=\"description\" content=\"Al realizar un pedido en nuestro sitio web, aceptas las siguientes condiciones: Formas de pago: Aceptamos tarjetas de cr\u00e9dito\/d\u00e9bito, PayPal y\" \/>\n<meta name=\"robots\" content=\"index, follow, max-snippet:-1, max-image-preview:large, max-video-preview:-1\" \/>\n<link rel=\"canonical\" href=\"https:\/\/gorinacloth.es\/es\/condiciones-de-venta\/\" \/>\n<meta property=\"og:locale\" content=\"es_ES\" \/>\n<meta property=\"og:type\" content=\"article\" \/>\n<meta property=\"og:title\" content=\"Condiciones de venta - Gorina Cloth\" \/>\n<meta property=\"og:description\" content=\"Al realizar un pedido en nuestro sitio web, aceptas las siguientes condiciones: Formas de pago: Aceptamos tarjetas de cr\u00e9dito\/d\u00e9bito, PayPal y\" \/>\n<meta property=\"og:url\" content=\"https:\/\/gorinacloth.es\/es\/condiciones-de-venta\/\" \/>\n<meta property=\"og:site_name\" content=\"Gorina Cloth\" \/>\n<meta property=\"article:modified_time\" content=\"2025-06-04T11:27:26+00:00\" \/>\n<meta name=\"twitter:card\" content=\"summary_large_image\" \/>\n<meta name=\"twitter:label1\" content=\"Tiempo de lectura\" \/>\n\t<meta name=\"twitter:data1\" content=\"1 minuto\" \/>\n<script type=\"application\/ld+json\" class=\"yoast-schema-graph\">{\"@context\":\"https:\\\/\\\/schema.org\",\"@graph\":[{\"@type\":\"WebPage\",\"@id\":\"https:\\\/\\\/gorinacloth.es\\\/es\\\/condiciones-de-venta\\\/\",\"url\":\"https:\\\/\\\/gorinacloth.es\\\/es\\\/condiciones-de-venta\\\/\",\"name\":\"Condiciones de venta - Gorina Cloth\",\"isPartOf\":{\"@id\":\"https:\\\/\\\/gorinacloth.es\\\/es\\\/#website\"},\"datePublished\":\"2025-03-17T08:36:24+00:00\",\"dateModified\":\"2025-06-04T11:27:26+00:00\",\"description\":\"Al realizar un pedido en nuestro sitio web, aceptas las siguientes condiciones: Formas de pago: Aceptamos tarjetas de cr\u00e9dito\\\/d\u00e9bito, PayPal y\",\"breadcrumb\":{\"@id\":\"https:\\\/\\\/gorinacloth.es\\\/es\\\/condiciones-de-venta\\\/#breadcrumb\"},\"inLanguage\":\"es\",\"potentialAction\":[{\"@type\":\"ReadAction\",\"target\":[\"https:\\\/\\\/gorinacloth.es\\\/es\\\/condiciones-de-venta\\\/\"]}]},{\"@type\":\"BreadcrumbList\",\"@id\":\"https:\\\/\\\/gorinacloth.es\\\/es\\\/condiciones-de-venta\\\/#breadcrumb\",\"itemListElement\":[{\"@type\":\"ListItem\",\"position\":1,\"name\":\"Portada\",\"item\":\"https:\\\/\\\/gorinacloth.es\\\/es\\\/\"},{\"@type\":\"ListItem\",\"position\":2,\"name\":\"Condiciones de venta\"}]},{\"@type\":\"WebSite\",\"@id\":\"https:\\\/\\\/gorinacloth.es\\\/es\\\/#website\",\"url\":\"https:\\\/\\\/gorinacloth.es\\\/es\\\/\",\"name\":\"Gorina Cloth\",\"description\":\"\",\"publisher\":{\"@id\":\"https:\\\/\\\/gorinacloth.es\\\/es\\\/#organization\"},\"potentialAction\":[{\"@type\":\"SearchAction\",\"target\":{\"@type\":\"EntryPoint\",\"urlTemplate\":\"https:\\\/\\\/gorinacloth.es\\\/es\\\/?s={search_term_string}\"},\"query-input\":{\"@type\":\"PropertyValueSpecification\",\"valueRequired\":true,\"valueName\":\"search_term_string\"}}],\"inLanguage\":\"es\"},{\"@type\":\"Organization\",\"@id\":\"https:\\\/\\\/gorinacloth.es\\\/es\\\/#organization\",\"name\":\"Gorina Cloth\",\"url\":\"https:\\\/\\\/gorinacloth.es\\\/es\\\/\",\"logo\":{\"@type\":\"ImageObject\",\"inLanguage\":\"es\",\"@id\":\"https:\\\/\\\/gorinacloth.es\\\/es\\\/#\\\/schema\\\/logo\\\/image\\\/\",\"url\":\"https:\\\/\\\/gorinacloth.es\\\/wp-content\\\/uploads\\\/logo-gorina-white.svg\",\"contentUrl\":\"https:\\\/\\\/gorinacloth.es\\\/wp-content\\\/uploads\\\/logo-gorina-white.svg\",\"width\":143,\"height\":53,\"caption\":\"Gorina Cloth\"},\"image\":{\"@id\":\"https:\\\/\\\/gorinacloth.es\\\/es\\\/#\\\/schema\\\/logo\\\/image\\\/\"}}]}<\/script>\n<!-- \/ Yoast SEO plugin. -->","yoast_head_json":{"title":"Condiciones de venta - Gorina Cloth","description":"Al realizar un pedido en nuestro sitio web, aceptas las siguientes condiciones: Formas de pago: Aceptamos tarjetas de cr\u00e9dito\/d\u00e9bito, PayPal y","robots":{"index":"index","follow":"follow","max-snippet":"max-snippet:-1","max-image-preview":"max-image-preview:large","max-video-preview":"max-video-preview:-1"},"canonical":"https:\/\/gorinacloth.es\/es\/condiciones-de-venta\/","og_locale":"es_ES","og_type":"article","og_title":"Condiciones de venta - Gorina Cloth","og_description":"Al realizar un pedido en nuestro sitio web, aceptas las siguientes condiciones: Formas de pago: Aceptamos tarjetas de cr\u00e9dito\/d\u00e9bito, PayPal y","og_url":"https:\/\/gorinacloth.es\/es\/condiciones-de-venta\/","og_site_name":"Gorina Cloth","article_modified_time":"2025-06-04T11:27:26+00:00","twitter_card":"summary_large_image","twitter_misc":{"Tiempo de lectura":"1 minuto"},"schema":{"@context":"https:\/\/schema.org","@graph":[{"@type":"WebPage","@id":"https:\/\/gorinacloth.es\/es\/condiciones-de-venta\/","url":"https:\/\/gorinacloth.es\/es\/condiciones-de-venta\/","name":"Condiciones de venta - Gorina Cloth","isPartOf":{"@id":"https:\/\/gorinacloth.es\/es\/#website"},"datePublished":"2025-03-17T08:36:24+00:00","dateModified":"2025-06-04T11:27:26+00:00","description":"Al realizar un pedido en nuestro sitio web, aceptas las siguientes condiciones: Formas de pago: Aceptamos tarjetas de cr\u00e9dito\/d\u00e9bito, PayPal y","breadcrumb":{"@id":"https:\/\/gorinacloth.es\/es\/condiciones-de-venta\/#breadcrumb"},"inLanguage":"es","potentialAction":[{"@type":"ReadAction","target":["https:\/\/gorinacloth.es\/es\/condiciones-de-venta\/"]}]},{"@type":"BreadcrumbList","@id":"https:\/\/gorinacloth.es\/es\/condiciones-de-venta\/#breadcrumb","itemListElement":[{"@type":"ListItem","position":1,"name":"Portada","item":"https:\/\/gorinacloth.es\/es\/"},{"@type":"ListItem","position":2,"name":"Condiciones de venta"}]},{"@type":"WebSite","@id":"https:\/\/gorinacloth.es\/es\/#website","url":"https:\/\/gorinacloth.es\/es\/","name":"Gorina Cloth","description":"","publisher":{"@id":"https:\/\/gorinacloth.es\/es\/#organization"},"potentialAction":[{"@type":"SearchAction","target":{"@type":"EntryPoint","urlTemplate":"https:\/\/gorinacloth.es\/es\/?s={search_term_string}"},"query-input":{"@type":"PropertyValueSpecification","valueRequired":true,"valueName":"search_term_string"}}],"inLanguage":"es"},{"@type":"Organization","@id":"https:\/\/gorinacloth.es\/es\/#organization","name":"Gorina Cloth","url":"https:\/\/gorinacloth.es\/es\/","logo":{"@type":"ImageObject","inLanguage":"es","@id":"https:\/\/gorinacloth.es\/es\/#\/schema\/logo\/image\/","url":"https:\/\/gorinacloth.es\/wp-content\/uploads\/logo-gorina-white.svg","contentUrl":"https:\/\/gorinacloth.es\/wp-content\/uploads\/logo-gorina-white.svg","width":143,"height":53,"caption":"Gorina Cloth"},"image":{"@id":"https:\/\/gorinacloth.es\/es\/#\/schema\/logo\/image\/"}}]}},"_links":{"self":[{"href":"https:\/\/gorinacloth.es\/es\/wp-json\/wp\/v2\/pages\/1583","targetHints":{"allow":["GET"]}}],"collection":[{"href":"https:\/\/gorinacloth.es\/es\/wp-json\/wp\/v2\/pages"}],"about":[{"href":"https:\/\/gorinacloth.es\/es\/wp-json\/wp\/v2\/types\/page"}],"author":[{"embeddable":true,"href":"https:\/\/gorinacloth.es\/es\/wp-json\/wp\/v2\/users\/1"}],"replies":[{"embeddable":true,"href":"https:\/\/gorinacloth.es\/es\/wp-json\/wp\/v2\/comments?post=1583"}],"version-history":[{"count":0,"href":"https:\/\/gorinacloth.es\/es\/wp-json\/wp\/v2\/pages\/1583\/revisions"}],"wp:attachment":[{"href":"https:\/\/gorinacloth.es\/es\/wp-json\/wp\/v2\/media?parent=1583"}],"curies":[{"name":"wp","href":"https:\/\/api.w.org\/{rel}","templated":true}]}}