{"id":1656,"date":"2025-03-17T08:36:44","date_gmt":"2025-03-17T08:36:44","guid":{"rendered":"https:\/\/gorinacloth.es\/devoluciones-y-garantias\/"},"modified":"2025-06-04T11:28:43","modified_gmt":"2025-06-04T11:28:43","slug":"devoluciones-y-garantias","status":"publish","type":"page","link":"https:\/\/gorinacloth.es\/es\/devoluciones-y-garantias\/","title":{"rendered":"Devoluciones y garant\u00edas"},"content":{"rendered":"\n<p>Tienes derecho a devolver un producto en un plazo de <strong>14 d\u00edas naturales<\/strong> a partir de la entrega.<\/p>\n\n<ul class=\"wp-block-list\">\n<li>Las devoluciones s\u00f3lo son <strong>gratuitas<\/strong> si el producto es defectuoso o llega da\u00f1ado.<\/li>\n\n\n\n<li>El art\u00edculo debe devolverse en su estado y embalaje originales.<\/li>\n\n\n\n<li>Antes de iniciar una devoluci\u00f3n, ponte en contacto con nosotros en <strong>sales@gorina.es<\/strong> para que podamos evaluar la situaci\u00f3n y encontrar la soluci\u00f3n m\u00e1s adecuada.<\/li>\n\n\n\n<li>No aceptamos devoluciones de art\u00edculos que hayan sido utilizados o da\u00f1ados por el cliente.<\/li>\n<\/ul>\n\n<p>Si tu art\u00edculo es defectuoso o no se puede utilizar debido a un problema de fabricaci\u00f3n, cubriremos todos los gastos de devoluci\u00f3n y te ofreceremos un reembolso completo o una sustituci\u00f3n.<\/p>\n","protected":false},"excerpt":{"rendered":"<p>Tienes derecho a devolver un producto en un plazo de 14 d\u00edas naturales a partir de la entrega. Si tu art\u00edculo es defectuoso o no se puede utilizar debido a &hellip;<\/p>\n","protected":false},"author":1,"featured_media":0,"parent":0,"menu_order":0,"comment_status":"closed","ping_status":"closed","template":"","meta":{"_acf_changed":false,"footnotes":""},"class_list":["post-1656","page","type-page","status-publish","hentry"],"acf":[],"yoast_head":"<!-- This site is optimized with the Yoast SEO plugin v27.3 - https:\/\/yoast.com\/product\/yoast-seo-wordpress\/ -->\n<title>Devoluciones y garant\u00edas - Gorina Cloth<\/title>\n<meta name=\"description\" content=\"Tienes derecho a devolver un producto en un plazo de 14 d\u00edas naturales a partir de la entrega. Las devoluciones s\u00f3lo son gratuitas si el producto es\" \/>\n<meta name=\"robots\" content=\"index, follow, max-snippet:-1, max-image-preview:large, max-video-preview:-1\" \/>\n<link rel=\"canonical\" href=\"https:\/\/gorinacloth.es\/es\/devoluciones-y-garantias\/\" \/>\n<meta property=\"og:locale\" content=\"es_ES\" \/>\n<meta property=\"og:type\" content=\"article\" \/>\n<meta property=\"og:title\" content=\"Devoluciones y garant\u00edas - Gorina Cloth\" \/>\n<meta property=\"og:description\" content=\"Tienes derecho a devolver un producto en un plazo de 14 d\u00edas naturales a partir de la entrega. Las devoluciones s\u00f3lo son gratuitas si el producto es\" \/>\n<meta property=\"og:url\" content=\"https:\/\/gorinacloth.es\/es\/devoluciones-y-garantias\/\" \/>\n<meta property=\"og:site_name\" content=\"Gorina Cloth\" \/>\n<meta property=\"article:modified_time\" content=\"2025-06-04T11:28:43+00:00\" \/>\n<meta name=\"twitter:card\" content=\"summary_large_image\" \/>\n<meta name=\"twitter:label1\" content=\"Tiempo de lectura\" \/>\n\t<meta name=\"twitter:data1\" content=\"1 minuto\" \/>\n<script type=\"application\/ld+json\" class=\"yoast-schema-graph\">{\"@context\":\"https:\\\/\\\/schema.org\",\"@graph\":[{\"@type\":\"WebPage\",\"@id\":\"https:\\\/\\\/gorinacloth.es\\\/es\\\/devoluciones-y-garantias\\\/\",\"url\":\"https:\\\/\\\/gorinacloth.es\\\/es\\\/devoluciones-y-garantias\\\/\",\"name\":\"Devoluciones y garant\u00edas - Gorina Cloth\",\"isPartOf\":{\"@id\":\"https:\\\/\\\/gorinacloth.es\\\/es\\\/#website\"},\"datePublished\":\"2025-03-17T08:36:44+00:00\",\"dateModified\":\"2025-06-04T11:28:43+00:00\",\"description\":\"Tienes derecho a devolver un producto en un plazo de 14 d\u00edas naturales a partir de la entrega. Las devoluciones s\u00f3lo son gratuitas si el producto es\",\"breadcrumb\":{\"@id\":\"https:\\\/\\\/gorinacloth.es\\\/es\\\/devoluciones-y-garantias\\\/#breadcrumb\"},\"inLanguage\":\"es\",\"potentialAction\":[{\"@type\":\"ReadAction\",\"target\":[\"https:\\\/\\\/gorinacloth.es\\\/es\\\/devoluciones-y-garantias\\\/\"]}]},{\"@type\":\"BreadcrumbList\",\"@id\":\"https:\\\/\\\/gorinacloth.es\\\/es\\\/devoluciones-y-garantias\\\/#breadcrumb\",\"itemListElement\":[{\"@type\":\"ListItem\",\"position\":1,\"name\":\"Portada\",\"item\":\"https:\\\/\\\/gorinacloth.es\\\/es\\\/\"},{\"@type\":\"ListItem\",\"position\":2,\"name\":\"Devoluciones y garant\u00edas\"}]},{\"@type\":\"WebSite\",\"@id\":\"https:\\\/\\\/gorinacloth.es\\\/es\\\/#website\",\"url\":\"https:\\\/\\\/gorinacloth.es\\\/es\\\/\",\"name\":\"Gorina Cloth\",\"description\":\"\",\"publisher\":{\"@id\":\"https:\\\/\\\/gorinacloth.es\\\/es\\\/#organization\"},\"potentialAction\":[{\"@type\":\"SearchAction\",\"target\":{\"@type\":\"EntryPoint\",\"urlTemplate\":\"https:\\\/\\\/gorinacloth.es\\\/es\\\/?s={search_term_string}\"},\"query-input\":{\"@type\":\"PropertyValueSpecification\",\"valueRequired\":true,\"valueName\":\"search_term_string\"}}],\"inLanguage\":\"es\"},{\"@type\":\"Organization\",\"@id\":\"https:\\\/\\\/gorinacloth.es\\\/es\\\/#organization\",\"name\":\"Gorina Cloth\",\"url\":\"https:\\\/\\\/gorinacloth.es\\\/es\\\/\",\"logo\":{\"@type\":\"ImageObject\",\"inLanguage\":\"es\",\"@id\":\"https:\\\/\\\/gorinacloth.es\\\/es\\\/#\\\/schema\\\/logo\\\/image\\\/\",\"url\":\"https:\\\/\\\/gorinacloth.es\\\/wp-content\\\/uploads\\\/logo-gorina-white.svg\",\"contentUrl\":\"https:\\\/\\\/gorinacloth.es\\\/wp-content\\\/uploads\\\/logo-gorina-white.svg\",\"width\":143,\"height\":53,\"caption\":\"Gorina Cloth\"},\"image\":{\"@id\":\"https:\\\/\\\/gorinacloth.es\\\/es\\\/#\\\/schema\\\/logo\\\/image\\\/\"}}]}<\/script>\n<!-- \/ Yoast SEO plugin. -->","yoast_head_json":{"title":"Devoluciones y garant\u00edas - Gorina Cloth","description":"Tienes derecho a devolver un producto en un plazo de 14 d\u00edas naturales a partir de la entrega. Las devoluciones s\u00f3lo son gratuitas si el producto es","robots":{"index":"index","follow":"follow","max-snippet":"max-snippet:-1","max-image-preview":"max-image-preview:large","max-video-preview":"max-video-preview:-1"},"canonical":"https:\/\/gorinacloth.es\/es\/devoluciones-y-garantias\/","og_locale":"es_ES","og_type":"article","og_title":"Devoluciones y garant\u00edas - Gorina Cloth","og_description":"Tienes derecho a devolver un producto en un plazo de 14 d\u00edas naturales a partir de la entrega. Las devoluciones s\u00f3lo son gratuitas si el producto es","og_url":"https:\/\/gorinacloth.es\/es\/devoluciones-y-garantias\/","og_site_name":"Gorina Cloth","article_modified_time":"2025-06-04T11:28:43+00:00","twitter_card":"summary_large_image","twitter_misc":{"Tiempo de lectura":"1 minuto"},"schema":{"@context":"https:\/\/schema.org","@graph":[{"@type":"WebPage","@id":"https:\/\/gorinacloth.es\/es\/devoluciones-y-garantias\/","url":"https:\/\/gorinacloth.es\/es\/devoluciones-y-garantias\/","name":"Devoluciones y garant\u00edas - Gorina Cloth","isPartOf":{"@id":"https:\/\/gorinacloth.es\/es\/#website"},"datePublished":"2025-03-17T08:36:44+00:00","dateModified":"2025-06-04T11:28:43+00:00","description":"Tienes derecho a devolver un producto en un plazo de 14 d\u00edas naturales a partir de la entrega. Las devoluciones s\u00f3lo son gratuitas si el producto es","breadcrumb":{"@id":"https:\/\/gorinacloth.es\/es\/devoluciones-y-garantias\/#breadcrumb"},"inLanguage":"es","potentialAction":[{"@type":"ReadAction","target":["https:\/\/gorinacloth.es\/es\/devoluciones-y-garantias\/"]}]},{"@type":"BreadcrumbList","@id":"https:\/\/gorinacloth.es\/es\/devoluciones-y-garantias\/#breadcrumb","itemListElement":[{"@type":"ListItem","position":1,"name":"Portada","item":"https:\/\/gorinacloth.es\/es\/"},{"@type":"ListItem","position":2,"name":"Devoluciones y garant\u00edas"}]},{"@type":"WebSite","@id":"https:\/\/gorinacloth.es\/es\/#website","url":"https:\/\/gorinacloth.es\/es\/","name":"Gorina Cloth","description":"","publisher":{"@id":"https:\/\/gorinacloth.es\/es\/#organization"},"potentialAction":[{"@type":"SearchAction","target":{"@type":"EntryPoint","urlTemplate":"https:\/\/gorinacloth.es\/es\/?s={search_term_string}"},"query-input":{"@type":"PropertyValueSpecification","valueRequired":true,"valueName":"search_term_string"}}],"inLanguage":"es"},{"@type":"Organization","@id":"https:\/\/gorinacloth.es\/es\/#organization","name":"Gorina Cloth","url":"https:\/\/gorinacloth.es\/es\/","logo":{"@type":"ImageObject","inLanguage":"es","@id":"https:\/\/gorinacloth.es\/es\/#\/schema\/logo\/image\/","url":"https:\/\/gorinacloth.es\/wp-content\/uploads\/logo-gorina-white.svg","contentUrl":"https:\/\/gorinacloth.es\/wp-content\/uploads\/logo-gorina-white.svg","width":143,"height":53,"caption":"Gorina Cloth"},"image":{"@id":"https:\/\/gorinacloth.es\/es\/#\/schema\/logo\/image\/"}}]}},"_links":{"self":[{"href":"https:\/\/gorinacloth.es\/es\/wp-json\/wp\/v2\/pages\/1656","targetHints":{"allow":["GET"]}}],"collection":[{"href":"https:\/\/gorinacloth.es\/es\/wp-json\/wp\/v2\/pages"}],"about":[{"href":"https:\/\/gorinacloth.es\/es\/wp-json\/wp\/v2\/types\/page"}],"author":[{"embeddable":true,"href":"https:\/\/gorinacloth.es\/es\/wp-json\/wp\/v2\/users\/1"}],"replies":[{"embeddable":true,"href":"https:\/\/gorinacloth.es\/es\/wp-json\/wp\/v2\/comments?post=1656"}],"version-history":[{"count":0,"href":"https:\/\/gorinacloth.es\/es\/wp-json\/wp\/v2\/pages\/1656\/revisions"}],"wp:attachment":[{"href":"https:\/\/gorinacloth.es\/es\/wp-json\/wp\/v2\/media?parent=1656"}],"curies":[{"name":"wp","href":"https:\/\/api.w.org\/{rel}","templated":true}]}}