{"id":4858,"date":"2025-04-02T12:26:37","date_gmt":"2025-04-02T12:26:37","guid":{"rendered":"https:\/\/gorinacloth.es\/product\/estuche-magnetico-para-tizas-gorina\/"},"modified":"2025-04-02T12:26:37","modified_gmt":"2025-04-02T12:26:37","slug":"estuche-magnetico-para-tizas-gorina","status":"publish","type":"product","link":"https:\/\/gorinacloth.es\/es\/producto\/estuche-magnetico-para-tizas-gorina\/","title":{"rendered":"Estuche magn\u00e9tico para tizas Gorina"},"content":{"rendered":"<p>Precisi\u00f3n. Durabilidad. Dise\u00f1o inteligente.  <\/p>\n","protected":false},"excerpt":{"rendered":"<p>Precisi\u00f3n. Durabilidad. Dise\u00f1o inteligente.  <\/p>\n","protected":false},"featured_media":903,"template":"","meta":{"_acf_changed":false},"product_brand":[],"product_cat":[259],"product_tag":[],"class_list":{"0":"post-4858","1":"product","2":"type-product","3":"status-publish","4":"has-post-thumbnail","6":"product_cat-accesorios","8":"first","9":"instock","10":"taxable","11":"shipping-taxable","12":"purchasable","13":"product-type-variable","14":"has-default-attributes"},"acf":[],"yoast_head":"<!-- This site is optimized with the Yoast SEO plugin v27.3 - https:\/\/yoast.com\/product\/yoast-seo-wordpress\/ -->\n<title>Estuche magn\u00e9tico para tizas Gorina - Gorina Cloth<\/title>\n<meta name=\"robots\" content=\"index, follow, max-snippet:-1, max-image-preview:large, max-video-preview:-1\" \/>\n<link rel=\"canonical\" href=\"https:\/\/gorinacloth.es\/es\/producto\/estuche-magnetico-para-tizas-gorina\/\" \/>\n<meta property=\"og:locale\" content=\"es_ES\" \/>\n<meta property=\"og:type\" content=\"article\" \/>\n<meta property=\"og:title\" content=\"Estuche magn\u00e9tico para tizas Gorina - Gorina Cloth\" \/>\n<meta property=\"og:description\" content=\"Precisi\u00f3n. Durabilidad. Dise\u00f1o inteligente.\" \/>\n<meta property=\"og:url\" content=\"https:\/\/gorinacloth.es\/es\/producto\/estuche-magnetico-para-tizas-gorina\/\" \/>\n<meta property=\"og:site_name\" content=\"Gorina Cloth\" \/>\n<meta property=\"og:image\" content=\"https:\/\/gorinacloth.es\/wp-content\/uploads\/magnetic-chalk-case-1.webp\" \/>\n\t<meta property=\"og:image:width\" content=\"640\" \/>\n\t<meta property=\"og:image:height\" content=\"475\" \/>\n\t<meta property=\"og:image:type\" content=\"image\/webp\" \/>\n<meta name=\"twitter:card\" content=\"summary_large_image\" \/>\n<script type=\"application\/ld+json\" class=\"yoast-schema-graph\">{\"@context\":\"https:\\\/\\\/schema.org\",\"@graph\":[{\"@type\":\"WebPage\",\"@id\":\"https:\\\/\\\/gorinacloth.es\\\/es\\\/producto\\\/estuche-magnetico-para-tizas-gorina\\\/\",\"url\":\"https:\\\/\\\/gorinacloth.es\\\/es\\\/producto\\\/estuche-magnetico-para-tizas-gorina\\\/\",\"name\":\"Estuche magn\u00e9tico para tizas Gorina - Gorina Cloth\",\"isPartOf\":{\"@id\":\"https:\\\/\\\/gorinacloth.es\\\/es\\\/#website\"},\"primaryImageOfPage\":{\"@id\":\"https:\\\/\\\/gorinacloth.es\\\/es\\\/producto\\\/estuche-magnetico-para-tizas-gorina\\\/#primaryimage\"},\"image\":{\"@id\":\"https:\\\/\\\/gorinacloth.es\\\/es\\\/producto\\\/estuche-magnetico-para-tizas-gorina\\\/#primaryimage\"},\"thumbnailUrl\":\"https:\\\/\\\/gorinacloth.es\\\/wp-content\\\/uploads\\\/magnetic-chalk-case-1.webp\",\"datePublished\":\"2025-04-02T12:26:37+00:00\",\"breadcrumb\":{\"@id\":\"https:\\\/\\\/gorinacloth.es\\\/es\\\/producto\\\/estuche-magnetico-para-tizas-gorina\\\/#breadcrumb\"},\"inLanguage\":\"es\",\"potentialAction\":[{\"@type\":\"ReadAction\",\"target\":[\"https:\\\/\\\/gorinacloth.es\\\/es\\\/producto\\\/estuche-magnetico-para-tizas-gorina\\\/\"]}]},{\"@type\":\"ImageObject\",\"inLanguage\":\"es\",\"@id\":\"https:\\\/\\\/gorinacloth.es\\\/es\\\/producto\\\/estuche-magnetico-para-tizas-gorina\\\/#primaryimage\",\"url\":\"https:\\\/\\\/gorinacloth.es\\\/wp-content\\\/uploads\\\/magnetic-chalk-case-1.webp\",\"contentUrl\":\"https:\\\/\\\/gorinacloth.es\\\/wp-content\\\/uploads\\\/magnetic-chalk-case-1.webp\",\"width\":640,\"height\":475},{\"@type\":\"BreadcrumbList\",\"@id\":\"https:\\\/\\\/gorinacloth.es\\\/es\\\/producto\\\/estuche-magnetico-para-tizas-gorina\\\/#breadcrumb\",\"itemListElement\":[{\"@type\":\"ListItem\",\"position\":1,\"name\":\"Portada\",\"item\":\"https:\\\/\\\/gorinacloth.es\\\/es\\\/\"},{\"@type\":\"ListItem\",\"position\":2,\"name\":\"Nuestros pa\u00f1os\",\"item\":\"https:\\\/\\\/gorinacloth.es\\\/es\\\/tienda\\\/\"},{\"@type\":\"ListItem\",\"position\":3,\"name\":\"Estuche magn\u00e9tico para tizas Gorina\"}]},{\"@type\":\"WebSite\",\"@id\":\"https:\\\/\\\/gorinacloth.es\\\/es\\\/#website\",\"url\":\"https:\\\/\\\/gorinacloth.es\\\/es\\\/\",\"name\":\"Gorina Cloth\",\"description\":\"\",\"publisher\":{\"@id\":\"https:\\\/\\\/gorinacloth.es\\\/es\\\/#organization\"},\"potentialAction\":[{\"@type\":\"SearchAction\",\"target\":{\"@type\":\"EntryPoint\",\"urlTemplate\":\"https:\\\/\\\/gorinacloth.es\\\/es\\\/?s={search_term_string}\"},\"query-input\":{\"@type\":\"PropertyValueSpecification\",\"valueRequired\":true,\"valueName\":\"search_term_string\"}}],\"inLanguage\":\"es\"},{\"@type\":\"Organization\",\"@id\":\"https:\\\/\\\/gorinacloth.es\\\/es\\\/#organization\",\"name\":\"Gorina Cloth\",\"url\":\"https:\\\/\\\/gorinacloth.es\\\/es\\\/\",\"logo\":{\"@type\":\"ImageObject\",\"inLanguage\":\"es\",\"@id\":\"https:\\\/\\\/gorinacloth.es\\\/es\\\/#\\\/schema\\\/logo\\\/image\\\/\",\"url\":\"https:\\\/\\\/gorinacloth.es\\\/wp-content\\\/uploads\\\/logo-gorina-white.svg\",\"contentUrl\":\"https:\\\/\\\/gorinacloth.es\\\/wp-content\\\/uploads\\\/logo-gorina-white.svg\",\"width\":143,\"height\":53,\"caption\":\"Gorina Cloth\"},\"image\":{\"@id\":\"https:\\\/\\\/gorinacloth.es\\\/es\\\/#\\\/schema\\\/logo\\\/image\\\/\"}}]}<\/script>\n<!-- \/ Yoast SEO plugin. -->","yoast_head_json":{"title":"Estuche magn\u00e9tico para tizas Gorina - Gorina Cloth","robots":{"index":"index","follow":"follow","max-snippet":"max-snippet:-1","max-image-preview":"max-image-preview:large","max-video-preview":"max-video-preview:-1"},"canonical":"https:\/\/gorinacloth.es\/es\/producto\/estuche-magnetico-para-tizas-gorina\/","og_locale":"es_ES","og_type":"article","og_title":"Estuche magn\u00e9tico para tizas Gorina - Gorina Cloth","og_description":"Precisi\u00f3n. Durabilidad. Dise\u00f1o inteligente.","og_url":"https:\/\/gorinacloth.es\/es\/producto\/estuche-magnetico-para-tizas-gorina\/","og_site_name":"Gorina Cloth","og_image":[{"width":640,"height":475,"url":"https:\/\/gorinacloth.es\/wp-content\/uploads\/magnetic-chalk-case-1.webp","type":"image\/webp"}],"twitter_card":"summary_large_image","schema":{"@context":"https:\/\/schema.org","@graph":[{"@type":"WebPage","@id":"https:\/\/gorinacloth.es\/es\/producto\/estuche-magnetico-para-tizas-gorina\/","url":"https:\/\/gorinacloth.es\/es\/producto\/estuche-magnetico-para-tizas-gorina\/","name":"Estuche magn\u00e9tico para tizas Gorina - Gorina Cloth","isPartOf":{"@id":"https:\/\/gorinacloth.es\/es\/#website"},"primaryImageOfPage":{"@id":"https:\/\/gorinacloth.es\/es\/producto\/estuche-magnetico-para-tizas-gorina\/#primaryimage"},"image":{"@id":"https:\/\/gorinacloth.es\/es\/producto\/estuche-magnetico-para-tizas-gorina\/#primaryimage"},"thumbnailUrl":"https:\/\/gorinacloth.es\/wp-content\/uploads\/magnetic-chalk-case-1.webp","datePublished":"2025-04-02T12:26:37+00:00","breadcrumb":{"@id":"https:\/\/gorinacloth.es\/es\/producto\/estuche-magnetico-para-tizas-gorina\/#breadcrumb"},"inLanguage":"es","potentialAction":[{"@type":"ReadAction","target":["https:\/\/gorinacloth.es\/es\/producto\/estuche-magnetico-para-tizas-gorina\/"]}]},{"@type":"ImageObject","inLanguage":"es","@id":"https:\/\/gorinacloth.es\/es\/producto\/estuche-magnetico-para-tizas-gorina\/#primaryimage","url":"https:\/\/gorinacloth.es\/wp-content\/uploads\/magnetic-chalk-case-1.webp","contentUrl":"https:\/\/gorinacloth.es\/wp-content\/uploads\/magnetic-chalk-case-1.webp","width":640,"height":475},{"@type":"BreadcrumbList","@id":"https:\/\/gorinacloth.es\/es\/producto\/estuche-magnetico-para-tizas-gorina\/#breadcrumb","itemListElement":[{"@type":"ListItem","position":1,"name":"Portada","item":"https:\/\/gorinacloth.es\/es\/"},{"@type":"ListItem","position":2,"name":"Nuestros pa\u00f1os","item":"https:\/\/gorinacloth.es\/es\/tienda\/"},{"@type":"ListItem","position":3,"name":"Estuche magn\u00e9tico para tizas Gorina"}]},{"@type":"WebSite","@id":"https:\/\/gorinacloth.es\/es\/#website","url":"https:\/\/gorinacloth.es\/es\/","name":"Gorina Cloth","description":"","publisher":{"@id":"https:\/\/gorinacloth.es\/es\/#organization"},"potentialAction":[{"@type":"SearchAction","target":{"@type":"EntryPoint","urlTemplate":"https:\/\/gorinacloth.es\/es\/?s={search_term_string}"},"query-input":{"@type":"PropertyValueSpecification","valueRequired":true,"valueName":"search_term_string"}}],"inLanguage":"es"},{"@type":"Organization","@id":"https:\/\/gorinacloth.es\/es\/#organization","name":"Gorina Cloth","url":"https:\/\/gorinacloth.es\/es\/","logo":{"@type":"ImageObject","inLanguage":"es","@id":"https:\/\/gorinacloth.es\/es\/#\/schema\/logo\/image\/","url":"https:\/\/gorinacloth.es\/wp-content\/uploads\/logo-gorina-white.svg","contentUrl":"https:\/\/gorinacloth.es\/wp-content\/uploads\/logo-gorina-white.svg","width":143,"height":53,"caption":"Gorina Cloth"},"image":{"@id":"https:\/\/gorinacloth.es\/es\/#\/schema\/logo\/image\/"}}]}},"_links":{"self":[{"href":"https:\/\/gorinacloth.es\/es\/wp-json\/wp\/v2\/product\/4858","targetHints":{"allow":["GET"]}}],"collection":[{"href":"https:\/\/gorinacloth.es\/es\/wp-json\/wp\/v2\/product"}],"about":[{"href":"https:\/\/gorinacloth.es\/es\/wp-json\/wp\/v2\/types\/product"}],"wp:featuredmedia":[{"embeddable":true,"href":"https:\/\/gorinacloth.es\/es\/wp-json\/wp\/v2\/media\/903"}],"wp:attachment":[{"href":"https:\/\/gorinacloth.es\/es\/wp-json\/wp\/v2\/media?parent=4858"}],"wp:term":[{"taxonomy":"product_brand","embeddable":true,"href":"https:\/\/gorinacloth.es\/es\/wp-json\/wp\/v2\/product_brand?post=4858"},{"taxonomy":"product_cat","embeddable":true,"href":"https:\/\/gorinacloth.es\/es\/wp-json\/wp\/v2\/product_cat?post=4858"},{"taxonomy":"product_tag","embeddable":true,"href":"https:\/\/gorinacloth.es\/es\/wp-json\/wp\/v2\/product_tag?post=4858"}],"curies":[{"name":"wp","href":"https:\/\/api.w.org\/{rel}","templated":true}]}}