{"id":5233,"date":"2025-05-15T07:21:49","date_gmt":"2025-05-15T07:21:49","guid":{"rendered":"https:\/\/gorinacloth.es\/product\/granito-a\/"},"modified":"2025-05-15T07:21:49","modified_gmt":"2025-05-15T07:21:49","slug":"granito-a","status":"publish","type":"product","link":"https:\/\/gorinacloth.es\/es\/producto\/granito-a\/","title":{"rendered":"Granito A"},"content":{"rendered":"","protected":false},"excerpt":{"rendered":"<p>Dise\u00f1ado espec\u00edficamente para los juegos de carambola que requieren mayor precisi\u00f3n y un ritmo ligeramente m\u00e1s lento, nuestro pa\u00f1o A es ideal para las disciplinas de carambola de un solo coj\u00edn y distancia corta. Al tiempo que mantiene la precisi\u00f3n y la sensaci\u00f3n de primera calidad caracter\u00edsticas de Gorina, este pa\u00f1o ofrece un mayor control de la bola y un ritmo m\u00e1s suave, lo que permite a los jugadores dictar cada movimiento con intenci\u00f3n. <\/p>\n","protected":false},"featured_media":5835,"template":"","meta":{"_acf_changed":false},"product_brand":[],"product_cat":[55],"product_tag":[],"class_list":{"0":"post-5233","1":"product","2":"type-product","3":"status-publish","4":"has-post-thumbnail","6":"product_cat-carom-five-pins-es","7":"pa_lenght-9-pies","8":"pa_lenght-3-metros","10":"first","11":"instock","12":"taxable","13":"shipping-taxable","14":"purchasable","15":"product-type-variable","16":"has-default-attributes"},"acf":[],"yoast_head":"<!-- This site is optimized with the Yoast SEO plugin v27.3 - https:\/\/yoast.com\/product\/yoast-seo-wordpress\/ -->\n<title>Granito A - Gorina Cloth<\/title>\n<meta name=\"robots\" content=\"index, follow, max-snippet:-1, max-image-preview:large, max-video-preview:-1\" \/>\n<link rel=\"canonical\" href=\"https:\/\/gorinacloth.es\/es\/producto\/granito-a\/\" \/>\n<meta property=\"og:locale\" content=\"es_ES\" \/>\n<meta property=\"og:type\" content=\"article\" \/>\n<meta property=\"og:title\" content=\"Granito A - Gorina Cloth\" \/>\n<meta property=\"og:description\" content=\"Dise\u00f1ado espec\u00edficamente para los juegos de carambola que requieren mayor precisi\u00f3n y un ritmo ligeramente m\u00e1s lento, nuestro pa\u00f1o A es ideal para las disciplinas de carambola de un solo coj\u00edn y distancia corta. Al tiempo que mantiene la precisi\u00f3n y la sensaci\u00f3n de primera calidad caracter\u00edsticas de Gorina, este pa\u00f1o ofrece un mayor control de la bola y un ritmo m\u00e1s suave, lo que permite a los jugadores dictar cada movimiento con intenci\u00f3n.\" \/>\n<meta property=\"og:url\" content=\"https:\/\/gorinacloth.es\/es\/producto\/granito-a\/\" \/>\n<meta property=\"og:site_name\" content=\"Gorina Cloth\" \/>\n<meta property=\"og:image\" content=\"https:\/\/gorinacloth.es\/wp-content\/uploads\/verde-amarillo-e1750417488428.png\" \/>\n\t<meta property=\"og:image:width\" content=\"661\" \/>\n\t<meta property=\"og:image:height\" content=\"467\" \/>\n\t<meta property=\"og:image:type\" content=\"image\/png\" \/>\n<meta name=\"twitter:card\" content=\"summary_large_image\" \/>\n<script type=\"application\/ld+json\" class=\"yoast-schema-graph\">{\"@context\":\"https:\\\/\\\/schema.org\",\"@graph\":[{\"@type\":\"WebPage\",\"@id\":\"https:\\\/\\\/gorinacloth.es\\\/es\\\/producto\\\/granito-a\\\/\",\"url\":\"https:\\\/\\\/gorinacloth.es\\\/es\\\/producto\\\/granito-a\\\/\",\"name\":\"Granito A - Gorina Cloth\",\"isPartOf\":{\"@id\":\"https:\\\/\\\/gorinacloth.es\\\/es\\\/#website\"},\"primaryImageOfPage\":{\"@id\":\"https:\\\/\\\/gorinacloth.es\\\/es\\\/producto\\\/granito-a\\\/#primaryimage\"},\"image\":{\"@id\":\"https:\\\/\\\/gorinacloth.es\\\/es\\\/producto\\\/granito-a\\\/#primaryimage\"},\"thumbnailUrl\":\"https:\\\/\\\/gorinacloth.es\\\/wp-content\\\/uploads\\\/verde-amarillo-e1750417488428.png\",\"datePublished\":\"2025-05-15T07:21:49+00:00\",\"breadcrumb\":{\"@id\":\"https:\\\/\\\/gorinacloth.es\\\/es\\\/producto\\\/granito-a\\\/#breadcrumb\"},\"inLanguage\":\"es\",\"potentialAction\":[{\"@type\":\"ReadAction\",\"target\":[\"https:\\\/\\\/gorinacloth.es\\\/es\\\/producto\\\/granito-a\\\/\"]}]},{\"@type\":\"ImageObject\",\"inLanguage\":\"es\",\"@id\":\"https:\\\/\\\/gorinacloth.es\\\/es\\\/producto\\\/granito-a\\\/#primaryimage\",\"url\":\"https:\\\/\\\/gorinacloth.es\\\/wp-content\\\/uploads\\\/verde-amarillo-e1750417488428.png\",\"contentUrl\":\"https:\\\/\\\/gorinacloth.es\\\/wp-content\\\/uploads\\\/verde-amarillo-e1750417488428.png\",\"width\":661,\"height\":467},{\"@type\":\"BreadcrumbList\",\"@id\":\"https:\\\/\\\/gorinacloth.es\\\/es\\\/producto\\\/granito-a\\\/#breadcrumb\",\"itemListElement\":[{\"@type\":\"ListItem\",\"position\":1,\"name\":\"Portada\",\"item\":\"https:\\\/\\\/gorinacloth.es\\\/es\\\/\"},{\"@type\":\"ListItem\",\"position\":2,\"name\":\"Nuestros pa\u00f1os\",\"item\":\"https:\\\/\\\/gorinacloth.es\\\/es\\\/tienda\\\/\"},{\"@type\":\"ListItem\",\"position\":3,\"name\":\"Granito A\"}]},{\"@type\":\"WebSite\",\"@id\":\"https:\\\/\\\/gorinacloth.es\\\/es\\\/#website\",\"url\":\"https:\\\/\\\/gorinacloth.es\\\/es\\\/\",\"name\":\"Gorina Cloth\",\"description\":\"\",\"publisher\":{\"@id\":\"https:\\\/\\\/gorinacloth.es\\\/es\\\/#organization\"},\"potentialAction\":[{\"@type\":\"SearchAction\",\"target\":{\"@type\":\"EntryPoint\",\"urlTemplate\":\"https:\\\/\\\/gorinacloth.es\\\/es\\\/?s={search_term_string}\"},\"query-input\":{\"@type\":\"PropertyValueSpecification\",\"valueRequired\":true,\"valueName\":\"search_term_string\"}}],\"inLanguage\":\"es\"},{\"@type\":\"Organization\",\"@id\":\"https:\\\/\\\/gorinacloth.es\\\/es\\\/#organization\",\"name\":\"Gorina Cloth\",\"url\":\"https:\\\/\\\/gorinacloth.es\\\/es\\\/\",\"logo\":{\"@type\":\"ImageObject\",\"inLanguage\":\"es\",\"@id\":\"https:\\\/\\\/gorinacloth.es\\\/es\\\/#\\\/schema\\\/logo\\\/image\\\/\",\"url\":\"https:\\\/\\\/gorinacloth.es\\\/wp-content\\\/uploads\\\/logo-gorina-white.svg\",\"contentUrl\":\"https:\\\/\\\/gorinacloth.es\\\/wp-content\\\/uploads\\\/logo-gorina-white.svg\",\"width\":143,\"height\":53,\"caption\":\"Gorina Cloth\"},\"image\":{\"@id\":\"https:\\\/\\\/gorinacloth.es\\\/es\\\/#\\\/schema\\\/logo\\\/image\\\/\"}}]}<\/script>\n<!-- \/ Yoast SEO plugin. -->","yoast_head_json":{"title":"Granito A - Gorina Cloth","robots":{"index":"index","follow":"follow","max-snippet":"max-snippet:-1","max-image-preview":"max-image-preview:large","max-video-preview":"max-video-preview:-1"},"canonical":"https:\/\/gorinacloth.es\/es\/producto\/granito-a\/","og_locale":"es_ES","og_type":"article","og_title":"Granito A - Gorina Cloth","og_description":"Dise\u00f1ado espec\u00edficamente para los juegos de carambola que requieren mayor precisi\u00f3n y un ritmo ligeramente m\u00e1s lento, nuestro pa\u00f1o A es ideal para las disciplinas de carambola de un solo coj\u00edn y distancia corta. Al tiempo que mantiene la precisi\u00f3n y la sensaci\u00f3n de primera calidad caracter\u00edsticas de Gorina, este pa\u00f1o ofrece un mayor control de la bola y un ritmo m\u00e1s suave, lo que permite a los jugadores dictar cada movimiento con intenci\u00f3n.","og_url":"https:\/\/gorinacloth.es\/es\/producto\/granito-a\/","og_site_name":"Gorina Cloth","og_image":[{"width":661,"height":467,"url":"https:\/\/gorinacloth.es\/wp-content\/uploads\/verde-amarillo-e1750417488428.png","type":"image\/png"}],"twitter_card":"summary_large_image","schema":{"@context":"https:\/\/schema.org","@graph":[{"@type":"WebPage","@id":"https:\/\/gorinacloth.es\/es\/producto\/granito-a\/","url":"https:\/\/gorinacloth.es\/es\/producto\/granito-a\/","name":"Granito A - Gorina Cloth","isPartOf":{"@id":"https:\/\/gorinacloth.es\/es\/#website"},"primaryImageOfPage":{"@id":"https:\/\/gorinacloth.es\/es\/producto\/granito-a\/#primaryimage"},"image":{"@id":"https:\/\/gorinacloth.es\/es\/producto\/granito-a\/#primaryimage"},"thumbnailUrl":"https:\/\/gorinacloth.es\/wp-content\/uploads\/verde-amarillo-e1750417488428.png","datePublished":"2025-05-15T07:21:49+00:00","breadcrumb":{"@id":"https:\/\/gorinacloth.es\/es\/producto\/granito-a\/#breadcrumb"},"inLanguage":"es","potentialAction":[{"@type":"ReadAction","target":["https:\/\/gorinacloth.es\/es\/producto\/granito-a\/"]}]},{"@type":"ImageObject","inLanguage":"es","@id":"https:\/\/gorinacloth.es\/es\/producto\/granito-a\/#primaryimage","url":"https:\/\/gorinacloth.es\/wp-content\/uploads\/verde-amarillo-e1750417488428.png","contentUrl":"https:\/\/gorinacloth.es\/wp-content\/uploads\/verde-amarillo-e1750417488428.png","width":661,"height":467},{"@type":"BreadcrumbList","@id":"https:\/\/gorinacloth.es\/es\/producto\/granito-a\/#breadcrumb","itemListElement":[{"@type":"ListItem","position":1,"name":"Portada","item":"https:\/\/gorinacloth.es\/es\/"},{"@type":"ListItem","position":2,"name":"Nuestros pa\u00f1os","item":"https:\/\/gorinacloth.es\/es\/tienda\/"},{"@type":"ListItem","position":3,"name":"Granito A"}]},{"@type":"WebSite","@id":"https:\/\/gorinacloth.es\/es\/#website","url":"https:\/\/gorinacloth.es\/es\/","name":"Gorina Cloth","description":"","publisher":{"@id":"https:\/\/gorinacloth.es\/es\/#organization"},"potentialAction":[{"@type":"SearchAction","target":{"@type":"EntryPoint","urlTemplate":"https:\/\/gorinacloth.es\/es\/?s={search_term_string}"},"query-input":{"@type":"PropertyValueSpecification","valueRequired":true,"valueName":"search_term_string"}}],"inLanguage":"es"},{"@type":"Organization","@id":"https:\/\/gorinacloth.es\/es\/#organization","name":"Gorina Cloth","url":"https:\/\/gorinacloth.es\/es\/","logo":{"@type":"ImageObject","inLanguage":"es","@id":"https:\/\/gorinacloth.es\/es\/#\/schema\/logo\/image\/","url":"https:\/\/gorinacloth.es\/wp-content\/uploads\/logo-gorina-white.svg","contentUrl":"https:\/\/gorinacloth.es\/wp-content\/uploads\/logo-gorina-white.svg","width":143,"height":53,"caption":"Gorina Cloth"},"image":{"@id":"https:\/\/gorinacloth.es\/es\/#\/schema\/logo\/image\/"}}]}},"_links":{"self":[{"href":"https:\/\/gorinacloth.es\/es\/wp-json\/wp\/v2\/product\/5233","targetHints":{"allow":["GET"]}}],"collection":[{"href":"https:\/\/gorinacloth.es\/es\/wp-json\/wp\/v2\/product"}],"about":[{"href":"https:\/\/gorinacloth.es\/es\/wp-json\/wp\/v2\/types\/product"}],"wp:featuredmedia":[{"embeddable":true,"href":"https:\/\/gorinacloth.es\/es\/wp-json\/wp\/v2\/media\/5835"}],"wp:attachment":[{"href":"https:\/\/gorinacloth.es\/es\/wp-json\/wp\/v2\/media?parent=5233"}],"wp:term":[{"taxonomy":"product_brand","embeddable":true,"href":"https:\/\/gorinacloth.es\/es\/wp-json\/wp\/v2\/product_brand?post=5233"},{"taxonomy":"product_cat","embeddable":true,"href":"https:\/\/gorinacloth.es\/es\/wp-json\/wp\/v2\/product_cat?post=5233"},{"taxonomy":"product_tag","embeddable":true,"href":"https:\/\/gorinacloth.es\/es\/wp-json\/wp\/v2\/product_tag?post=5233"}],"curies":[{"name":"wp","href":"https:\/\/api.w.org\/{rel}","templated":true}]}}