{"id":1578,"date":"2025-03-17T08:36:44","date_gmt":"2025-03-17T08:36:44","guid":{"rendered":"https:\/\/gorinacloth.es\/retours-et-garanties\/"},"modified":"2025-06-04T11:27:23","modified_gmt":"2025-06-04T11:27:23","slug":"retours-et-garanties","status":"publish","type":"page","link":"https:\/\/gorinacloth.es\/fr\/retours-et-garanties\/","title":{"rendered":"Retours et garanties"},"content":{"rendered":"\n<p>Vous avez le droit de retourner un produit dans les <strong>14 jours calendaires<\/strong> suivant sa livraison.<\/p>\n\n<ul class=\"wp-block-list\">\n<li>Les retours ne sont <strong>gratuits<\/strong> que si le produit est d\u00e9fectueux ou arrive endommag\u00e9.<\/li>\n\n\n\n<li>L&#8217;article doit \u00eatre retourn\u00e9 dans son \u00e9tat et son emballage d&#8217;origine.<\/li>\n\n\n\n<li>Avant de proc\u00e9der \u00e0 un retour, veuillez nous contacter \u00e0 l&#8217;adresse <strong>sales@gorina.es<\/strong> afin que nous puissions \u00e9valuer la situation et trouver la solution la plus appropri\u00e9e.<\/li>\n\n\n\n<li>Nous n&#8217;acceptons pas les retours d&#8217;articles qui ont \u00e9t\u00e9 utilis\u00e9s ou endommag\u00e9s par le client.<\/li>\n<\/ul>\n\n<p>Si votre article est d\u00e9fectueux ou inutilisable en raison d&#8217;un probl\u00e8me de fabrication, nous prendrons en charge tous les frais de retour et vous proposerons un remboursement int\u00e9gral ou un remplacement.<\/p>\n","protected":false},"excerpt":{"rendered":"<p>Vous avez le droit de retourner un produit dans les 14 jours calendaires suivant sa livraison. Si votre article est d\u00e9fectueux ou inutilisable en raison d&#8217;un probl\u00e8me de fabrication, nous &hellip;<\/p>\n","protected":false},"author":1,"featured_media":0,"parent":0,"menu_order":0,"comment_status":"closed","ping_status":"closed","template":"","meta":{"_acf_changed":false,"footnotes":""},"class_list":["post-1578","page","type-page","status-publish","hentry"],"acf":[],"yoast_head":"<!-- This site is optimized with the Yoast SEO plugin v27.3 - https:\/\/yoast.com\/product\/yoast-seo-wordpress\/ -->\n<title>Retours et garanties - Gorina Cloth<\/title>\n<meta name=\"description\" content=\"Vous avez le droit de retourner un produit dans les 14 jours calendaires suivant sa livraison. Les retours ne sont gratuits que si le produit est\" \/>\n<meta name=\"robots\" content=\"index, follow, max-snippet:-1, max-image-preview:large, max-video-preview:-1\" \/>\n<link rel=\"canonical\" href=\"https:\/\/gorinacloth.es\/fr\/retours-et-garanties\/\" \/>\n<meta property=\"og:locale\" content=\"fr_FR\" \/>\n<meta property=\"og:type\" content=\"article\" \/>\n<meta property=\"og:title\" content=\"Retours et garanties - Gorina Cloth\" \/>\n<meta property=\"og:description\" content=\"Vous avez le droit de retourner un produit dans les 14 jours calendaires suivant sa livraison. Les retours ne sont gratuits que si le produit est\" \/>\n<meta property=\"og:url\" content=\"https:\/\/gorinacloth.es\/fr\/retours-et-garanties\/\" \/>\n<meta property=\"og:site_name\" content=\"Gorina Cloth\" \/>\n<meta property=\"article:modified_time\" content=\"2025-06-04T11:27:23+00:00\" \/>\n<meta name=\"twitter:card\" content=\"summary_large_image\" \/>\n<meta name=\"twitter:label1\" content=\"Dur\u00e9e de lecture estim\u00e9e\" \/>\n\t<meta name=\"twitter:data1\" content=\"1 minute\" \/>\n<script type=\"application\/ld+json\" class=\"yoast-schema-graph\">{\"@context\":\"https:\\\/\\\/schema.org\",\"@graph\":[{\"@type\":\"WebPage\",\"@id\":\"https:\\\/\\\/gorinacloth.es\\\/fr\\\/retours-et-garanties\\\/\",\"url\":\"https:\\\/\\\/gorinacloth.es\\\/fr\\\/retours-et-garanties\\\/\",\"name\":\"Retours et garanties - Gorina Cloth\",\"isPartOf\":{\"@id\":\"https:\\\/\\\/gorinacloth.es\\\/fr\\\/#website\"},\"datePublished\":\"2025-03-17T08:36:44+00:00\",\"dateModified\":\"2025-06-04T11:27:23+00:00\",\"description\":\"Vous avez le droit de retourner un produit dans les 14 jours calendaires suivant sa livraison. Les retours ne sont gratuits que si le produit est\",\"breadcrumb\":{\"@id\":\"https:\\\/\\\/gorinacloth.es\\\/fr\\\/retours-et-garanties\\\/#breadcrumb\"},\"inLanguage\":\"fr-FR\",\"potentialAction\":[{\"@type\":\"ReadAction\",\"target\":[\"https:\\\/\\\/gorinacloth.es\\\/fr\\\/retours-et-garanties\\\/\"]}]},{\"@type\":\"BreadcrumbList\",\"@id\":\"https:\\\/\\\/gorinacloth.es\\\/fr\\\/retours-et-garanties\\\/#breadcrumb\",\"itemListElement\":[{\"@type\":\"ListItem\",\"position\":1,\"name\":\"Portada\",\"item\":\"https:\\\/\\\/gorinacloth.es\\\/fr\\\/pagina-principal\\\/\"},{\"@type\":\"ListItem\",\"position\":2,\"name\":\"Retours et garanties\"}]},{\"@type\":\"WebSite\",\"@id\":\"https:\\\/\\\/gorinacloth.es\\\/fr\\\/#website\",\"url\":\"https:\\\/\\\/gorinacloth.es\\\/fr\\\/\",\"name\":\"Gorina Cloth\",\"description\":\"\",\"publisher\":{\"@id\":\"https:\\\/\\\/gorinacloth.es\\\/fr\\\/#organization\"},\"potentialAction\":[{\"@type\":\"SearchAction\",\"target\":{\"@type\":\"EntryPoint\",\"urlTemplate\":\"https:\\\/\\\/gorinacloth.es\\\/fr\\\/?s={search_term_string}\"},\"query-input\":{\"@type\":\"PropertyValueSpecification\",\"valueRequired\":true,\"valueName\":\"search_term_string\"}}],\"inLanguage\":\"fr-FR\"},{\"@type\":\"Organization\",\"@id\":\"https:\\\/\\\/gorinacloth.es\\\/fr\\\/#organization\",\"name\":\"Gorina Cloth\",\"url\":\"https:\\\/\\\/gorinacloth.es\\\/fr\\\/\",\"logo\":{\"@type\":\"ImageObject\",\"inLanguage\":\"fr-FR\",\"@id\":\"https:\\\/\\\/gorinacloth.es\\\/fr\\\/#\\\/schema\\\/logo\\\/image\\\/\",\"url\":\"https:\\\/\\\/gorinacloth.es\\\/wp-content\\\/uploads\\\/logo-gorina-white.svg\",\"contentUrl\":\"https:\\\/\\\/gorinacloth.es\\\/wp-content\\\/uploads\\\/logo-gorina-white.svg\",\"width\":143,\"height\":53,\"caption\":\"Gorina Cloth\"},\"image\":{\"@id\":\"https:\\\/\\\/gorinacloth.es\\\/fr\\\/#\\\/schema\\\/logo\\\/image\\\/\"}}]}<\/script>\n<!-- \/ Yoast SEO plugin. -->","yoast_head_json":{"title":"Retours et garanties - Gorina Cloth","description":"Vous avez le droit de retourner un produit dans les 14 jours calendaires suivant sa livraison. Les retours ne sont gratuits que si le produit est","robots":{"index":"index","follow":"follow","max-snippet":"max-snippet:-1","max-image-preview":"max-image-preview:large","max-video-preview":"max-video-preview:-1"},"canonical":"https:\/\/gorinacloth.es\/fr\/retours-et-garanties\/","og_locale":"fr_FR","og_type":"article","og_title":"Retours et garanties - Gorina Cloth","og_description":"Vous avez le droit de retourner un produit dans les 14 jours calendaires suivant sa livraison. Les retours ne sont gratuits que si le produit est","og_url":"https:\/\/gorinacloth.es\/fr\/retours-et-garanties\/","og_site_name":"Gorina Cloth","article_modified_time":"2025-06-04T11:27:23+00:00","twitter_card":"summary_large_image","twitter_misc":{"Dur\u00e9e de lecture estim\u00e9e":"1 minute"},"schema":{"@context":"https:\/\/schema.org","@graph":[{"@type":"WebPage","@id":"https:\/\/gorinacloth.es\/fr\/retours-et-garanties\/","url":"https:\/\/gorinacloth.es\/fr\/retours-et-garanties\/","name":"Retours et garanties - Gorina Cloth","isPartOf":{"@id":"https:\/\/gorinacloth.es\/fr\/#website"},"datePublished":"2025-03-17T08:36:44+00:00","dateModified":"2025-06-04T11:27:23+00:00","description":"Vous avez le droit de retourner un produit dans les 14 jours calendaires suivant sa livraison. Les retours ne sont gratuits que si le produit est","breadcrumb":{"@id":"https:\/\/gorinacloth.es\/fr\/retours-et-garanties\/#breadcrumb"},"inLanguage":"fr-FR","potentialAction":[{"@type":"ReadAction","target":["https:\/\/gorinacloth.es\/fr\/retours-et-garanties\/"]}]},{"@type":"BreadcrumbList","@id":"https:\/\/gorinacloth.es\/fr\/retours-et-garanties\/#breadcrumb","itemListElement":[{"@type":"ListItem","position":1,"name":"Portada","item":"https:\/\/gorinacloth.es\/fr\/pagina-principal\/"},{"@type":"ListItem","position":2,"name":"Retours et garanties"}]},{"@type":"WebSite","@id":"https:\/\/gorinacloth.es\/fr\/#website","url":"https:\/\/gorinacloth.es\/fr\/","name":"Gorina Cloth","description":"","publisher":{"@id":"https:\/\/gorinacloth.es\/fr\/#organization"},"potentialAction":[{"@type":"SearchAction","target":{"@type":"EntryPoint","urlTemplate":"https:\/\/gorinacloth.es\/fr\/?s={search_term_string}"},"query-input":{"@type":"PropertyValueSpecification","valueRequired":true,"valueName":"search_term_string"}}],"inLanguage":"fr-FR"},{"@type":"Organization","@id":"https:\/\/gorinacloth.es\/fr\/#organization","name":"Gorina Cloth","url":"https:\/\/gorinacloth.es\/fr\/","logo":{"@type":"ImageObject","inLanguage":"fr-FR","@id":"https:\/\/gorinacloth.es\/fr\/#\/schema\/logo\/image\/","url":"https:\/\/gorinacloth.es\/wp-content\/uploads\/logo-gorina-white.svg","contentUrl":"https:\/\/gorinacloth.es\/wp-content\/uploads\/logo-gorina-white.svg","width":143,"height":53,"caption":"Gorina Cloth"},"image":{"@id":"https:\/\/gorinacloth.es\/fr\/#\/schema\/logo\/image\/"}}]}},"_links":{"self":[{"href":"https:\/\/gorinacloth.es\/fr\/wp-json\/wp\/v2\/pages\/1578","targetHints":{"allow":["GET"]}}],"collection":[{"href":"https:\/\/gorinacloth.es\/fr\/wp-json\/wp\/v2\/pages"}],"about":[{"href":"https:\/\/gorinacloth.es\/fr\/wp-json\/wp\/v2\/types\/page"}],"author":[{"embeddable":true,"href":"https:\/\/gorinacloth.es\/fr\/wp-json\/wp\/v2\/users\/1"}],"replies":[{"embeddable":true,"href":"https:\/\/gorinacloth.es\/fr\/wp-json\/wp\/v2\/comments?post=1578"}],"version-history":[{"count":0,"href":"https:\/\/gorinacloth.es\/fr\/wp-json\/wp\/v2\/pages\/1578\/revisions"}],"wp:attachment":[{"href":"https:\/\/gorinacloth.es\/fr\/wp-json\/wp\/v2\/media?parent=1578"}],"curies":[{"name":"wp","href":"https:\/\/api.w.org\/{rel}","templated":true}]}}