{"id":1581,"date":"2025-03-17T08:36:04","date_gmt":"2025-03-17T08:36:04","guid":{"rendered":"https:\/\/gorinacloth.es\/expedition\/"},"modified":"2025-06-04T11:27:26","modified_gmt":"2025-06-04T11:27:26","slug":"expedition","status":"publish","type":"page","link":"https:\/\/gorinacloth.es\/fr\/expedition\/","title":{"rendered":"Exp\u00e9dition"},"content":{"rendered":"\n<ul class=\"wp-block-list\">\n<li><strong>Origine :<\/strong> Toutes les commandes sont exp\u00e9di\u00e9es depuis l&#8217;Espagne.<\/li>\n\n\n\n<li><strong>Transporteurs :<\/strong> Nous travaillons avec plusieurs fournisseurs, notamment Correos, DHL, FedEx et Nacex.<\/li>\n\n\n\n<li><strong>D\u00e9lai de livraison estim\u00e9 :<\/strong>\n<ul class=\"wp-block-list\">\n<li><strong>Espagne :<\/strong> 1-2 jours ouvrables<\/li>\n\n\n\n<li><strong>International :<\/strong> 2-10 jours ouvrables, selon la destination<\/li>\n<\/ul>\n<\/li>\n\n\n\n<li><strong>Droits de douane :<\/strong> Les clients des pays hors de l&#8217;Union europ\u00e9enne (tels que les \u00c9tats-Unis ou l&#8217;Australie) sont responsables des droits d&#8217;importation, des taxes ou des frais de d\u00e9douanement. Evercloth S.L. n&#8217;assume pas la responsabilit\u00e9 de ces frais. Si vous n&#8217;\u00eates pas s\u00fbr, nous vous recommandons de contacter votre bureau de douane local pour plus d&#8217;informations avant de passer votre commande.  <\/li>\n<\/ul>\n","protected":false},"excerpt":{"rendered":"","protected":false},"author":1,"featured_media":0,"parent":0,"menu_order":0,"comment_status":"closed","ping_status":"closed","template":"","meta":{"_acf_changed":false,"footnotes":""},"class_list":["post-1581","page","type-page","status-publish","hentry"],"acf":[],"yoast_head":"<!-- This site is optimized with the Yoast SEO plugin v27.3 - https:\/\/yoast.com\/product\/yoast-seo-wordpress\/ -->\n<title>Exp\u00e9dition - Gorina Cloth<\/title>\n<meta name=\"description\" content=\"Origine : Toutes les commandes sont exp\u00e9di\u00e9es depuis l&#039;Espagne. Transporteurs : Nous travaillons avec plusieurs fournisseurs, notamment Correos, DHL,\" \/>\n<meta name=\"robots\" content=\"index, follow, max-snippet:-1, max-image-preview:large, max-video-preview:-1\" \/>\n<link rel=\"canonical\" href=\"https:\/\/gorinacloth.es\/fr\/expedition\/\" \/>\n<meta property=\"og:locale\" content=\"fr_FR\" \/>\n<meta property=\"og:type\" content=\"article\" \/>\n<meta property=\"og:title\" content=\"Exp\u00e9dition - Gorina Cloth\" \/>\n<meta property=\"og:description\" content=\"Origine : Toutes les commandes sont exp\u00e9di\u00e9es depuis l&#039;Espagne. Transporteurs : Nous travaillons avec plusieurs fournisseurs, notamment Correos, DHL,\" \/>\n<meta property=\"og:url\" content=\"https:\/\/gorinacloth.es\/fr\/expedition\/\" \/>\n<meta property=\"og:site_name\" content=\"Gorina Cloth\" \/>\n<meta property=\"article:modified_time\" content=\"2025-06-04T11:27:26+00:00\" \/>\n<meta name=\"twitter:card\" content=\"summary_large_image\" \/>\n<meta name=\"twitter:label1\" content=\"Dur\u00e9e de lecture estim\u00e9e\" \/>\n\t<meta name=\"twitter:data1\" content=\"1 minute\" \/>\n<script type=\"application\/ld+json\" class=\"yoast-schema-graph\">{\"@context\":\"https:\\\/\\\/schema.org\",\"@graph\":[{\"@type\":\"WebPage\",\"@id\":\"https:\\\/\\\/gorinacloth.es\\\/fr\\\/expedition\\\/\",\"url\":\"https:\\\/\\\/gorinacloth.es\\\/fr\\\/expedition\\\/\",\"name\":\"Exp\u00e9dition - Gorina Cloth\",\"isPartOf\":{\"@id\":\"https:\\\/\\\/gorinacloth.es\\\/fr\\\/#website\"},\"datePublished\":\"2025-03-17T08:36:04+00:00\",\"dateModified\":\"2025-06-04T11:27:26+00:00\",\"description\":\"Origine : Toutes les commandes sont exp\u00e9di\u00e9es depuis l'Espagne. Transporteurs : Nous travaillons avec plusieurs fournisseurs, notamment Correos, DHL,\",\"breadcrumb\":{\"@id\":\"https:\\\/\\\/gorinacloth.es\\\/fr\\\/expedition\\\/#breadcrumb\"},\"inLanguage\":\"fr-FR\",\"potentialAction\":[{\"@type\":\"ReadAction\",\"target\":[\"https:\\\/\\\/gorinacloth.es\\\/fr\\\/expedition\\\/\"]}]},{\"@type\":\"BreadcrumbList\",\"@id\":\"https:\\\/\\\/gorinacloth.es\\\/fr\\\/expedition\\\/#breadcrumb\",\"itemListElement\":[{\"@type\":\"ListItem\",\"position\":1,\"name\":\"Portada\",\"item\":\"https:\\\/\\\/gorinacloth.es\\\/fr\\\/pagina-principal\\\/\"},{\"@type\":\"ListItem\",\"position\":2,\"name\":\"Exp\u00e9dition\"}]},{\"@type\":\"WebSite\",\"@id\":\"https:\\\/\\\/gorinacloth.es\\\/fr\\\/#website\",\"url\":\"https:\\\/\\\/gorinacloth.es\\\/fr\\\/\",\"name\":\"Gorina Cloth\",\"description\":\"\",\"publisher\":{\"@id\":\"https:\\\/\\\/gorinacloth.es\\\/fr\\\/#organization\"},\"potentialAction\":[{\"@type\":\"SearchAction\",\"target\":{\"@type\":\"EntryPoint\",\"urlTemplate\":\"https:\\\/\\\/gorinacloth.es\\\/fr\\\/?s={search_term_string}\"},\"query-input\":{\"@type\":\"PropertyValueSpecification\",\"valueRequired\":true,\"valueName\":\"search_term_string\"}}],\"inLanguage\":\"fr-FR\"},{\"@type\":\"Organization\",\"@id\":\"https:\\\/\\\/gorinacloth.es\\\/fr\\\/#organization\",\"name\":\"Gorina Cloth\",\"url\":\"https:\\\/\\\/gorinacloth.es\\\/fr\\\/\",\"logo\":{\"@type\":\"ImageObject\",\"inLanguage\":\"fr-FR\",\"@id\":\"https:\\\/\\\/gorinacloth.es\\\/fr\\\/#\\\/schema\\\/logo\\\/image\\\/\",\"url\":\"https:\\\/\\\/gorinacloth.es\\\/wp-content\\\/uploads\\\/logo-gorina-white.svg\",\"contentUrl\":\"https:\\\/\\\/gorinacloth.es\\\/wp-content\\\/uploads\\\/logo-gorina-white.svg\",\"width\":143,\"height\":53,\"caption\":\"Gorina Cloth\"},\"image\":{\"@id\":\"https:\\\/\\\/gorinacloth.es\\\/fr\\\/#\\\/schema\\\/logo\\\/image\\\/\"}}]}<\/script>\n<!-- \/ Yoast SEO plugin. -->","yoast_head_json":{"title":"Exp\u00e9dition - Gorina Cloth","description":"Origine : Toutes les commandes sont exp\u00e9di\u00e9es depuis l'Espagne. Transporteurs : Nous travaillons avec plusieurs fournisseurs, notamment Correos, DHL,","robots":{"index":"index","follow":"follow","max-snippet":"max-snippet:-1","max-image-preview":"max-image-preview:large","max-video-preview":"max-video-preview:-1"},"canonical":"https:\/\/gorinacloth.es\/fr\/expedition\/","og_locale":"fr_FR","og_type":"article","og_title":"Exp\u00e9dition - Gorina Cloth","og_description":"Origine : Toutes les commandes sont exp\u00e9di\u00e9es depuis l'Espagne. Transporteurs : Nous travaillons avec plusieurs fournisseurs, notamment Correos, DHL,","og_url":"https:\/\/gorinacloth.es\/fr\/expedition\/","og_site_name":"Gorina Cloth","article_modified_time":"2025-06-04T11:27:26+00:00","twitter_card":"summary_large_image","twitter_misc":{"Dur\u00e9e de lecture estim\u00e9e":"1 minute"},"schema":{"@context":"https:\/\/schema.org","@graph":[{"@type":"WebPage","@id":"https:\/\/gorinacloth.es\/fr\/expedition\/","url":"https:\/\/gorinacloth.es\/fr\/expedition\/","name":"Exp\u00e9dition - Gorina Cloth","isPartOf":{"@id":"https:\/\/gorinacloth.es\/fr\/#website"},"datePublished":"2025-03-17T08:36:04+00:00","dateModified":"2025-06-04T11:27:26+00:00","description":"Origine : Toutes les commandes sont exp\u00e9di\u00e9es depuis l'Espagne. Transporteurs : Nous travaillons avec plusieurs fournisseurs, notamment Correos, DHL,","breadcrumb":{"@id":"https:\/\/gorinacloth.es\/fr\/expedition\/#breadcrumb"},"inLanguage":"fr-FR","potentialAction":[{"@type":"ReadAction","target":["https:\/\/gorinacloth.es\/fr\/expedition\/"]}]},{"@type":"BreadcrumbList","@id":"https:\/\/gorinacloth.es\/fr\/expedition\/#breadcrumb","itemListElement":[{"@type":"ListItem","position":1,"name":"Portada","item":"https:\/\/gorinacloth.es\/fr\/pagina-principal\/"},{"@type":"ListItem","position":2,"name":"Exp\u00e9dition"}]},{"@type":"WebSite","@id":"https:\/\/gorinacloth.es\/fr\/#website","url":"https:\/\/gorinacloth.es\/fr\/","name":"Gorina Cloth","description":"","publisher":{"@id":"https:\/\/gorinacloth.es\/fr\/#organization"},"potentialAction":[{"@type":"SearchAction","target":{"@type":"EntryPoint","urlTemplate":"https:\/\/gorinacloth.es\/fr\/?s={search_term_string}"},"query-input":{"@type":"PropertyValueSpecification","valueRequired":true,"valueName":"search_term_string"}}],"inLanguage":"fr-FR"},{"@type":"Organization","@id":"https:\/\/gorinacloth.es\/fr\/#organization","name":"Gorina Cloth","url":"https:\/\/gorinacloth.es\/fr\/","logo":{"@type":"ImageObject","inLanguage":"fr-FR","@id":"https:\/\/gorinacloth.es\/fr\/#\/schema\/logo\/image\/","url":"https:\/\/gorinacloth.es\/wp-content\/uploads\/logo-gorina-white.svg","contentUrl":"https:\/\/gorinacloth.es\/wp-content\/uploads\/logo-gorina-white.svg","width":143,"height":53,"caption":"Gorina Cloth"},"image":{"@id":"https:\/\/gorinacloth.es\/fr\/#\/schema\/logo\/image\/"}}]}},"_links":{"self":[{"href":"https:\/\/gorinacloth.es\/fr\/wp-json\/wp\/v2\/pages\/1581","targetHints":{"allow":["GET"]}}],"collection":[{"href":"https:\/\/gorinacloth.es\/fr\/wp-json\/wp\/v2\/pages"}],"about":[{"href":"https:\/\/gorinacloth.es\/fr\/wp-json\/wp\/v2\/types\/page"}],"author":[{"embeddable":true,"href":"https:\/\/gorinacloth.es\/fr\/wp-json\/wp\/v2\/users\/1"}],"replies":[{"embeddable":true,"href":"https:\/\/gorinacloth.es\/fr\/wp-json\/wp\/v2\/comments?post=1581"}],"version-history":[{"count":0,"href":"https:\/\/gorinacloth.es\/fr\/wp-json\/wp\/v2\/pages\/1581\/revisions"}],"wp:attachment":[{"href":"https:\/\/gorinacloth.es\/fr\/wp-json\/wp\/v2\/media?parent=1581"}],"curies":[{"name":"wp","href":"https:\/\/api.w.org\/{rel}","templated":true}]}}