{"id":1667,"date":"2025-03-17T08:36:24","date_gmt":"2025-03-17T08:36:24","guid":{"rendered":"https:\/\/gorinacloth.es\/conditions-generales-de-vente\/"},"modified":"2025-06-04T11:28:46","modified_gmt":"2025-06-04T11:28:46","slug":"conditions-generales-de-vente","status":"publish","type":"page","link":"https:\/\/gorinacloth.es\/fr\/conditions-generales-de-vente\/","title":{"rendered":"Conditions g\u00e9n\u00e9rales de vente"},"content":{"rendered":"\n<p>En passant une commande sur notre site web, vous acceptez les conditions suivantes :<\/p>\n\n<ul class=\"wp-block-list\">\n<li><strong>M\u00e9thodes de paiement :<\/strong> Nous acceptons les cartes de cr\u00e9dit\/d\u00e9bit, PayPal et les virements bancaires. Les paiements sont trait\u00e9s en toute s\u00e9curit\u00e9 via Mollie. <\/li>\n\n\n\n<li><strong>Exp\u00e9dition :<\/strong> Les commandes sont exp\u00e9di\u00e9es depuis l&#8217;Espagne. Les livraisons nationales prennent 1 \u00e0 2 jours ouvrables. Les livraisons internationales prennent de 2 \u00e0 10 jours ouvrables en fonction de la destination et de la m\u00e9thode d&#8217;exp\u00e9dition.  <\/li>\n\n\n\n<li><strong>Droits de douane et taxes :<\/strong> Les clients situ\u00e9s en dehors de l&#8217;Union europ\u00e9enne (comme les \u00c9tats-Unis ou l&#8217;Australie) sont seuls responsables des droits de douane, taxes ou frais d&#8217;importation applicables. Veuillez v\u00e9rifier les r\u00e9glementations locales avant de passer votre commande. En cas de doute, contactez-nous avant l&#8217;achat.  <\/li>\n\n\n\n<li><strong>Commandes importantes :<\/strong> Pour les achats en gros, nous vous recommandons de nous contacter directement pour discuter des prix et des options de dimensionnement.<\/li>\n<\/ul>\n","protected":false},"excerpt":{"rendered":"<p>En passant une commande sur notre site web, vous acceptez les conditions suivantes :<\/p>\n","protected":false},"author":1,"featured_media":0,"parent":0,"menu_order":0,"comment_status":"closed","ping_status":"closed","template":"","meta":{"_acf_changed":false,"footnotes":""},"class_list":["post-1667","page","type-page","status-publish","hentry"],"acf":[],"yoast_head":"<!-- This site is optimized with the Yoast SEO plugin v27.3 - https:\/\/yoast.com\/product\/yoast-seo-wordpress\/ -->\n<title>Conditions g\u00e9n\u00e9rales de vente - Gorina Cloth<\/title>\n<meta name=\"description\" content=\"En passant une commande sur notre site web, vous acceptez les conditions suivantes : M\u00e9thodes de paiement : Nous acceptons les cartes de cr\u00e9dit\/d\u00e9bit,\" \/>\n<meta name=\"robots\" content=\"index, follow, max-snippet:-1, max-image-preview:large, max-video-preview:-1\" \/>\n<link rel=\"canonical\" href=\"https:\/\/gorinacloth.es\/fr\/conditions-generales-de-vente\/\" \/>\n<meta property=\"og:locale\" content=\"fr_FR\" \/>\n<meta property=\"og:type\" content=\"article\" \/>\n<meta property=\"og:title\" content=\"Conditions g\u00e9n\u00e9rales de vente - Gorina Cloth\" \/>\n<meta property=\"og:description\" content=\"En passant une commande sur notre site web, vous acceptez les conditions suivantes : M\u00e9thodes de paiement : Nous acceptons les cartes de cr\u00e9dit\/d\u00e9bit,\" \/>\n<meta property=\"og:url\" content=\"https:\/\/gorinacloth.es\/fr\/conditions-generales-de-vente\/\" \/>\n<meta property=\"og:site_name\" content=\"Gorina Cloth\" \/>\n<meta property=\"article:modified_time\" content=\"2025-06-04T11:28:46+00:00\" \/>\n<meta name=\"twitter:card\" content=\"summary_large_image\" \/>\n<meta name=\"twitter:label1\" content=\"Dur\u00e9e de lecture estim\u00e9e\" \/>\n\t<meta name=\"twitter:data1\" content=\"1 minute\" \/>\n<script type=\"application\/ld+json\" class=\"yoast-schema-graph\">{\"@context\":\"https:\\\/\\\/schema.org\",\"@graph\":[{\"@type\":\"WebPage\",\"@id\":\"https:\\\/\\\/gorinacloth.es\\\/fr\\\/conditions-generales-de-vente\\\/\",\"url\":\"https:\\\/\\\/gorinacloth.es\\\/fr\\\/conditions-generales-de-vente\\\/\",\"name\":\"Conditions g\u00e9n\u00e9rales de vente - Gorina Cloth\",\"isPartOf\":{\"@id\":\"https:\\\/\\\/gorinacloth.es\\\/fr\\\/#website\"},\"datePublished\":\"2025-03-17T08:36:24+00:00\",\"dateModified\":\"2025-06-04T11:28:46+00:00\",\"description\":\"En passant une commande sur notre site web, vous acceptez les conditions suivantes : M\u00e9thodes de paiement : Nous acceptons les cartes de cr\u00e9dit\\\/d\u00e9bit,\",\"breadcrumb\":{\"@id\":\"https:\\\/\\\/gorinacloth.es\\\/fr\\\/conditions-generales-de-vente\\\/#breadcrumb\"},\"inLanguage\":\"fr-FR\",\"potentialAction\":[{\"@type\":\"ReadAction\",\"target\":[\"https:\\\/\\\/gorinacloth.es\\\/fr\\\/conditions-generales-de-vente\\\/\"]}]},{\"@type\":\"BreadcrumbList\",\"@id\":\"https:\\\/\\\/gorinacloth.es\\\/fr\\\/conditions-generales-de-vente\\\/#breadcrumb\",\"itemListElement\":[{\"@type\":\"ListItem\",\"position\":1,\"name\":\"Portada\",\"item\":\"https:\\\/\\\/gorinacloth.es\\\/fr\\\/pagina-principal\\\/\"},{\"@type\":\"ListItem\",\"position\":2,\"name\":\"Conditions g\u00e9n\u00e9rales de vente\"}]},{\"@type\":\"WebSite\",\"@id\":\"https:\\\/\\\/gorinacloth.es\\\/fr\\\/#website\",\"url\":\"https:\\\/\\\/gorinacloth.es\\\/fr\\\/\",\"name\":\"Gorina Cloth\",\"description\":\"\",\"publisher\":{\"@id\":\"https:\\\/\\\/gorinacloth.es\\\/fr\\\/#organization\"},\"potentialAction\":[{\"@type\":\"SearchAction\",\"target\":{\"@type\":\"EntryPoint\",\"urlTemplate\":\"https:\\\/\\\/gorinacloth.es\\\/fr\\\/?s={search_term_string}\"},\"query-input\":{\"@type\":\"PropertyValueSpecification\",\"valueRequired\":true,\"valueName\":\"search_term_string\"}}],\"inLanguage\":\"fr-FR\"},{\"@type\":\"Organization\",\"@id\":\"https:\\\/\\\/gorinacloth.es\\\/fr\\\/#organization\",\"name\":\"Gorina Cloth\",\"url\":\"https:\\\/\\\/gorinacloth.es\\\/fr\\\/\",\"logo\":{\"@type\":\"ImageObject\",\"inLanguage\":\"fr-FR\",\"@id\":\"https:\\\/\\\/gorinacloth.es\\\/fr\\\/#\\\/schema\\\/logo\\\/image\\\/\",\"url\":\"https:\\\/\\\/gorinacloth.es\\\/wp-content\\\/uploads\\\/logo-gorina-white.svg\",\"contentUrl\":\"https:\\\/\\\/gorinacloth.es\\\/wp-content\\\/uploads\\\/logo-gorina-white.svg\",\"width\":143,\"height\":53,\"caption\":\"Gorina Cloth\"},\"image\":{\"@id\":\"https:\\\/\\\/gorinacloth.es\\\/fr\\\/#\\\/schema\\\/logo\\\/image\\\/\"}}]}<\/script>\n<!-- \/ Yoast SEO plugin. -->","yoast_head_json":{"title":"Conditions g\u00e9n\u00e9rales de vente - Gorina Cloth","description":"En passant une commande sur notre site web, vous acceptez les conditions suivantes : M\u00e9thodes de paiement : Nous acceptons les cartes de cr\u00e9dit\/d\u00e9bit,","robots":{"index":"index","follow":"follow","max-snippet":"max-snippet:-1","max-image-preview":"max-image-preview:large","max-video-preview":"max-video-preview:-1"},"canonical":"https:\/\/gorinacloth.es\/fr\/conditions-generales-de-vente\/","og_locale":"fr_FR","og_type":"article","og_title":"Conditions g\u00e9n\u00e9rales de vente - Gorina Cloth","og_description":"En passant une commande sur notre site web, vous acceptez les conditions suivantes : M\u00e9thodes de paiement : Nous acceptons les cartes de cr\u00e9dit\/d\u00e9bit,","og_url":"https:\/\/gorinacloth.es\/fr\/conditions-generales-de-vente\/","og_site_name":"Gorina Cloth","article_modified_time":"2025-06-04T11:28:46+00:00","twitter_card":"summary_large_image","twitter_misc":{"Dur\u00e9e de lecture estim\u00e9e":"1 minute"},"schema":{"@context":"https:\/\/schema.org","@graph":[{"@type":"WebPage","@id":"https:\/\/gorinacloth.es\/fr\/conditions-generales-de-vente\/","url":"https:\/\/gorinacloth.es\/fr\/conditions-generales-de-vente\/","name":"Conditions g\u00e9n\u00e9rales de vente - Gorina Cloth","isPartOf":{"@id":"https:\/\/gorinacloth.es\/fr\/#website"},"datePublished":"2025-03-17T08:36:24+00:00","dateModified":"2025-06-04T11:28:46+00:00","description":"En passant une commande sur notre site web, vous acceptez les conditions suivantes : M\u00e9thodes de paiement : Nous acceptons les cartes de cr\u00e9dit\/d\u00e9bit,","breadcrumb":{"@id":"https:\/\/gorinacloth.es\/fr\/conditions-generales-de-vente\/#breadcrumb"},"inLanguage":"fr-FR","potentialAction":[{"@type":"ReadAction","target":["https:\/\/gorinacloth.es\/fr\/conditions-generales-de-vente\/"]}]},{"@type":"BreadcrumbList","@id":"https:\/\/gorinacloth.es\/fr\/conditions-generales-de-vente\/#breadcrumb","itemListElement":[{"@type":"ListItem","position":1,"name":"Portada","item":"https:\/\/gorinacloth.es\/fr\/pagina-principal\/"},{"@type":"ListItem","position":2,"name":"Conditions g\u00e9n\u00e9rales de vente"}]},{"@type":"WebSite","@id":"https:\/\/gorinacloth.es\/fr\/#website","url":"https:\/\/gorinacloth.es\/fr\/","name":"Gorina Cloth","description":"","publisher":{"@id":"https:\/\/gorinacloth.es\/fr\/#organization"},"potentialAction":[{"@type":"SearchAction","target":{"@type":"EntryPoint","urlTemplate":"https:\/\/gorinacloth.es\/fr\/?s={search_term_string}"},"query-input":{"@type":"PropertyValueSpecification","valueRequired":true,"valueName":"search_term_string"}}],"inLanguage":"fr-FR"},{"@type":"Organization","@id":"https:\/\/gorinacloth.es\/fr\/#organization","name":"Gorina Cloth","url":"https:\/\/gorinacloth.es\/fr\/","logo":{"@type":"ImageObject","inLanguage":"fr-FR","@id":"https:\/\/gorinacloth.es\/fr\/#\/schema\/logo\/image\/","url":"https:\/\/gorinacloth.es\/wp-content\/uploads\/logo-gorina-white.svg","contentUrl":"https:\/\/gorinacloth.es\/wp-content\/uploads\/logo-gorina-white.svg","width":143,"height":53,"caption":"Gorina Cloth"},"image":{"@id":"https:\/\/gorinacloth.es\/fr\/#\/schema\/logo\/image\/"}}]}},"_links":{"self":[{"href":"https:\/\/gorinacloth.es\/fr\/wp-json\/wp\/v2\/pages\/1667","targetHints":{"allow":["GET"]}}],"collection":[{"href":"https:\/\/gorinacloth.es\/fr\/wp-json\/wp\/v2\/pages"}],"about":[{"href":"https:\/\/gorinacloth.es\/fr\/wp-json\/wp\/v2\/types\/page"}],"author":[{"embeddable":true,"href":"https:\/\/gorinacloth.es\/fr\/wp-json\/wp\/v2\/users\/1"}],"replies":[{"embeddable":true,"href":"https:\/\/gorinacloth.es\/fr\/wp-json\/wp\/v2\/comments?post=1667"}],"version-history":[{"count":0,"href":"https:\/\/gorinacloth.es\/fr\/wp-json\/wp\/v2\/pages\/1667\/revisions"}],"wp:attachment":[{"href":"https:\/\/gorinacloth.es\/fr\/wp-json\/wp\/v2\/media?parent=1667"}],"curies":[{"name":"wp","href":"https:\/\/api.w.org\/{rel}","templated":true}]}}