{"id":3898,"date":"2025-03-24T08:51:01","date_gmt":"2025-03-24T08:51:01","guid":{"rendered":"https:\/\/gorinacloth.es\/product\/queue-de-billard-hybride\/"},"modified":"2025-03-24T08:51:01","modified_gmt":"2025-03-24T08:51:01","slug":"queue-de-billard-hybride","status":"publish","type":"product","link":"https:\/\/gorinacloth.es\/fr\/produit\/queue-de-billard-hybride\/","title":{"rendered":"Queue de billard hybride"},"content":{"rendered":"<p>Pr\u00e9cision. Durabilit\u00e9. Contr\u00f4le sup\u00e9rieur.  <\/p>\n","protected":false},"excerpt":{"rendered":"<p>Pr\u00e9cision. Durabilit\u00e9. Contr\u00f4le sup\u00e9rieur.  <\/p>\n","protected":false},"featured_media":2303,"template":"","meta":{"_acf_changed":false},"product_brand":[],"product_cat":[274],"product_tag":[],"class_list":{"0":"post-3898","1":"product","2":"type-product","3":"status-publish","4":"has-post-thumbnail","6":"product_cat-accessoires","8":"first","9":"instock","10":"taxable","11":"shipping-taxable","12":"purchasable","13":"product-type-variable","14":"has-default-attributes"},"acf":[],"yoast_head":"<!-- This site is optimized with the Yoast SEO plugin v27.3 - https:\/\/yoast.com\/product\/yoast-seo-wordpress\/ -->\n<title>Queue de billard hybride - Gorina Cloth<\/title>\n<meta name=\"robots\" content=\"index, follow, max-snippet:-1, max-image-preview:large, max-video-preview:-1\" \/>\n<link rel=\"canonical\" href=\"https:\/\/gorinacloth.es\/fr\/produit\/queue-de-billard-hybride\/\" \/>\n<meta property=\"og:locale\" content=\"fr_FR\" \/>\n<meta property=\"og:type\" content=\"article\" \/>\n<meta property=\"og:title\" content=\"Queue de billard hybride - Gorina Cloth\" \/>\n<meta property=\"og:description\" content=\"Pr\u00e9cision. Durabilit\u00e9. Contr\u00f4le sup\u00e9rieur.\" \/>\n<meta property=\"og:url\" content=\"https:\/\/gorinacloth.es\/fr\/produit\/queue-de-billard-hybride\/\" \/>\n<meta property=\"og:site_name\" content=\"Gorina Cloth\" \/>\n<meta property=\"og:image\" content=\"https:\/\/gorinacloth.es\/wp-content\/uploads\/hybrid-cue-tip.webp\" \/>\n\t<meta property=\"og:image:width\" content=\"640\" \/>\n\t<meta property=\"og:image:height\" content=\"475\" \/>\n\t<meta property=\"og:image:type\" content=\"image\/webp\" \/>\n<meta name=\"twitter:card\" content=\"summary_large_image\" \/>\n<script type=\"application\/ld+json\" class=\"yoast-schema-graph\">{\"@context\":\"https:\\\/\\\/schema.org\",\"@graph\":[{\"@type\":\"WebPage\",\"@id\":\"https:\\\/\\\/gorinacloth.es\\\/fr\\\/produit\\\/queue-de-billard-hybride\\\/\",\"url\":\"https:\\\/\\\/gorinacloth.es\\\/fr\\\/produit\\\/queue-de-billard-hybride\\\/\",\"name\":\"Queue de billard hybride - Gorina Cloth\",\"isPartOf\":{\"@id\":\"https:\\\/\\\/gorinacloth.es\\\/fr\\\/#website\"},\"primaryImageOfPage\":{\"@id\":\"https:\\\/\\\/gorinacloth.es\\\/fr\\\/produit\\\/queue-de-billard-hybride\\\/#primaryimage\"},\"image\":{\"@id\":\"https:\\\/\\\/gorinacloth.es\\\/fr\\\/produit\\\/queue-de-billard-hybride\\\/#primaryimage\"},\"thumbnailUrl\":\"https:\\\/\\\/gorinacloth.es\\\/wp-content\\\/uploads\\\/hybrid-cue-tip.webp\",\"datePublished\":\"2025-03-24T08:51:01+00:00\",\"breadcrumb\":{\"@id\":\"https:\\\/\\\/gorinacloth.es\\\/fr\\\/produit\\\/queue-de-billard-hybride\\\/#breadcrumb\"},\"inLanguage\":\"fr-FR\",\"potentialAction\":[{\"@type\":\"ReadAction\",\"target\":[\"https:\\\/\\\/gorinacloth.es\\\/fr\\\/produit\\\/queue-de-billard-hybride\\\/\"]}]},{\"@type\":\"ImageObject\",\"inLanguage\":\"fr-FR\",\"@id\":\"https:\\\/\\\/gorinacloth.es\\\/fr\\\/produit\\\/queue-de-billard-hybride\\\/#primaryimage\",\"url\":\"https:\\\/\\\/gorinacloth.es\\\/wp-content\\\/uploads\\\/hybrid-cue-tip.webp\",\"contentUrl\":\"https:\\\/\\\/gorinacloth.es\\\/wp-content\\\/uploads\\\/hybrid-cue-tip.webp\",\"width\":640,\"height\":475,\"caption\":\"Queue de billard hybride\"},{\"@type\":\"BreadcrumbList\",\"@id\":\"https:\\\/\\\/gorinacloth.es\\\/fr\\\/produit\\\/queue-de-billard-hybride\\\/#breadcrumb\",\"itemListElement\":[{\"@type\":\"ListItem\",\"position\":1,\"name\":\"Portada\",\"item\":\"https:\\\/\\\/gorinacloth.es\\\/fr\\\/pagina-principal\\\/\"},{\"@type\":\"ListItem\",\"position\":2,\"name\":\"Nos linges\",\"item\":\"https:\\\/\\\/gorinacloth.es\\\/fr\\\/nos-linges\\\/\"},{\"@type\":\"ListItem\",\"position\":3,\"name\":\"Queue de billard hybride\"}]},{\"@type\":\"WebSite\",\"@id\":\"https:\\\/\\\/gorinacloth.es\\\/fr\\\/#website\",\"url\":\"https:\\\/\\\/gorinacloth.es\\\/fr\\\/\",\"name\":\"Gorina Cloth\",\"description\":\"\",\"publisher\":{\"@id\":\"https:\\\/\\\/gorinacloth.es\\\/fr\\\/#organization\"},\"potentialAction\":[{\"@type\":\"SearchAction\",\"target\":{\"@type\":\"EntryPoint\",\"urlTemplate\":\"https:\\\/\\\/gorinacloth.es\\\/fr\\\/?s={search_term_string}\"},\"query-input\":{\"@type\":\"PropertyValueSpecification\",\"valueRequired\":true,\"valueName\":\"search_term_string\"}}],\"inLanguage\":\"fr-FR\"},{\"@type\":\"Organization\",\"@id\":\"https:\\\/\\\/gorinacloth.es\\\/fr\\\/#organization\",\"name\":\"Gorina Cloth\",\"url\":\"https:\\\/\\\/gorinacloth.es\\\/fr\\\/\",\"logo\":{\"@type\":\"ImageObject\",\"inLanguage\":\"fr-FR\",\"@id\":\"https:\\\/\\\/gorinacloth.es\\\/fr\\\/#\\\/schema\\\/logo\\\/image\\\/\",\"url\":\"https:\\\/\\\/gorinacloth.es\\\/wp-content\\\/uploads\\\/logo-gorina-white.svg\",\"contentUrl\":\"https:\\\/\\\/gorinacloth.es\\\/wp-content\\\/uploads\\\/logo-gorina-white.svg\",\"width\":143,\"height\":53,\"caption\":\"Gorina Cloth\"},\"image\":{\"@id\":\"https:\\\/\\\/gorinacloth.es\\\/fr\\\/#\\\/schema\\\/logo\\\/image\\\/\"}}]}<\/script>\n<!-- \/ Yoast SEO plugin. -->","yoast_head_json":{"title":"Queue de billard hybride - Gorina Cloth","robots":{"index":"index","follow":"follow","max-snippet":"max-snippet:-1","max-image-preview":"max-image-preview:large","max-video-preview":"max-video-preview:-1"},"canonical":"https:\/\/gorinacloth.es\/fr\/produit\/queue-de-billard-hybride\/","og_locale":"fr_FR","og_type":"article","og_title":"Queue de billard hybride - Gorina Cloth","og_description":"Pr\u00e9cision. Durabilit\u00e9. Contr\u00f4le sup\u00e9rieur.","og_url":"https:\/\/gorinacloth.es\/fr\/produit\/queue-de-billard-hybride\/","og_site_name":"Gorina Cloth","og_image":[{"width":640,"height":475,"url":"https:\/\/gorinacloth.es\/wp-content\/uploads\/hybrid-cue-tip.webp","type":"image\/webp"}],"twitter_card":"summary_large_image","schema":{"@context":"https:\/\/schema.org","@graph":[{"@type":"WebPage","@id":"https:\/\/gorinacloth.es\/fr\/produit\/queue-de-billard-hybride\/","url":"https:\/\/gorinacloth.es\/fr\/produit\/queue-de-billard-hybride\/","name":"Queue de billard hybride - Gorina Cloth","isPartOf":{"@id":"https:\/\/gorinacloth.es\/fr\/#website"},"primaryImageOfPage":{"@id":"https:\/\/gorinacloth.es\/fr\/produit\/queue-de-billard-hybride\/#primaryimage"},"image":{"@id":"https:\/\/gorinacloth.es\/fr\/produit\/queue-de-billard-hybride\/#primaryimage"},"thumbnailUrl":"https:\/\/gorinacloth.es\/wp-content\/uploads\/hybrid-cue-tip.webp","datePublished":"2025-03-24T08:51:01+00:00","breadcrumb":{"@id":"https:\/\/gorinacloth.es\/fr\/produit\/queue-de-billard-hybride\/#breadcrumb"},"inLanguage":"fr-FR","potentialAction":[{"@type":"ReadAction","target":["https:\/\/gorinacloth.es\/fr\/produit\/queue-de-billard-hybride\/"]}]},{"@type":"ImageObject","inLanguage":"fr-FR","@id":"https:\/\/gorinacloth.es\/fr\/produit\/queue-de-billard-hybride\/#primaryimage","url":"https:\/\/gorinacloth.es\/wp-content\/uploads\/hybrid-cue-tip.webp","contentUrl":"https:\/\/gorinacloth.es\/wp-content\/uploads\/hybrid-cue-tip.webp","width":640,"height":475,"caption":"Queue de billard hybride"},{"@type":"BreadcrumbList","@id":"https:\/\/gorinacloth.es\/fr\/produit\/queue-de-billard-hybride\/#breadcrumb","itemListElement":[{"@type":"ListItem","position":1,"name":"Portada","item":"https:\/\/gorinacloth.es\/fr\/pagina-principal\/"},{"@type":"ListItem","position":2,"name":"Nos linges","item":"https:\/\/gorinacloth.es\/fr\/nos-linges\/"},{"@type":"ListItem","position":3,"name":"Queue de billard hybride"}]},{"@type":"WebSite","@id":"https:\/\/gorinacloth.es\/fr\/#website","url":"https:\/\/gorinacloth.es\/fr\/","name":"Gorina Cloth","description":"","publisher":{"@id":"https:\/\/gorinacloth.es\/fr\/#organization"},"potentialAction":[{"@type":"SearchAction","target":{"@type":"EntryPoint","urlTemplate":"https:\/\/gorinacloth.es\/fr\/?s={search_term_string}"},"query-input":{"@type":"PropertyValueSpecification","valueRequired":true,"valueName":"search_term_string"}}],"inLanguage":"fr-FR"},{"@type":"Organization","@id":"https:\/\/gorinacloth.es\/fr\/#organization","name":"Gorina Cloth","url":"https:\/\/gorinacloth.es\/fr\/","logo":{"@type":"ImageObject","inLanguage":"fr-FR","@id":"https:\/\/gorinacloth.es\/fr\/#\/schema\/logo\/image\/","url":"https:\/\/gorinacloth.es\/wp-content\/uploads\/logo-gorina-white.svg","contentUrl":"https:\/\/gorinacloth.es\/wp-content\/uploads\/logo-gorina-white.svg","width":143,"height":53,"caption":"Gorina Cloth"},"image":{"@id":"https:\/\/gorinacloth.es\/fr\/#\/schema\/logo\/image\/"}}]}},"_links":{"self":[{"href":"https:\/\/gorinacloth.es\/fr\/wp-json\/wp\/v2\/product\/3898","targetHints":{"allow":["GET"]}}],"collection":[{"href":"https:\/\/gorinacloth.es\/fr\/wp-json\/wp\/v2\/product"}],"about":[{"href":"https:\/\/gorinacloth.es\/fr\/wp-json\/wp\/v2\/types\/product"}],"wp:featuredmedia":[{"embeddable":true,"href":"https:\/\/gorinacloth.es\/fr\/wp-json\/wp\/v2\/media\/2303"}],"wp:attachment":[{"href":"https:\/\/gorinacloth.es\/fr\/wp-json\/wp\/v2\/media?parent=3898"}],"wp:term":[{"taxonomy":"product_brand","embeddable":true,"href":"https:\/\/gorinacloth.es\/fr\/wp-json\/wp\/v2\/product_brand?post=3898"},{"taxonomy":"product_cat","embeddable":true,"href":"https:\/\/gorinacloth.es\/fr\/wp-json\/wp\/v2\/product_cat?post=3898"},{"taxonomy":"product_tag","embeddable":true,"href":"https:\/\/gorinacloth.es\/fr\/wp-json\/wp\/v2\/product_tag?post=3898"}],"curies":[{"name":"wp","href":"https:\/\/api.w.org\/{rel}","templated":true}]}}