{"id":4921,"date":"2025-05-15T07:21:49","date_gmt":"2025-05-15T07:21:49","guid":{"rendered":"https:\/\/gorinacloth.es\/product\/granito-a\/"},"modified":"2025-05-15T07:21:49","modified_gmt":"2025-05-15T07:21:49","slug":"granito-a","status":"publish","type":"product","link":"https:\/\/gorinacloth.es\/fr\/produit\/granito-a\/","title":{"rendered":"Granito A"},"content":{"rendered":"","protected":false},"excerpt":{"rendered":"<p>Con\u00e7u sp\u00e9cifiquement pour les jeux de carambolage qui exigent une plus grande pr\u00e9cision et un rythme l\u00e9g\u00e8rement plus lent, notre tissu A est id\u00e9al pour les disciplines de carambolage \u00e0 une bande et \u00e0 courte distance. Tout en conservant la pr\u00e9cision et le toucher haut de gamme propres \u00e0 Gorina, ce tissu offre un meilleur contr\u00f4le de la balle et un rythme plus doux, permettant aux joueurs de dicter chaque mouvement avec intention. <\/p>\n","protected":false},"featured_media":5832,"template":"","meta":{"_acf_changed":false},"product_brand":[],"product_cat":[188],"product_tag":[],"class_list":{"0":"post-4921","1":"product","2":"type-product","3":"status-publish","4":"has-post-thumbnail","6":"product_cat-carom-five-pins-fr","7":"pa_lenght-9-pieds","8":"pa_lenght-10-pieds","10":"first","11":"instock","12":"taxable","13":"shipping-taxable","14":"purchasable","15":"product-type-variable","16":"has-default-attributes"},"acf":[],"yoast_head":"<!-- This site is optimized with the Yoast SEO plugin v27.3 - https:\/\/yoast.com\/product\/yoast-seo-wordpress\/ -->\n<title>Granito A - Gorina Cloth<\/title>\n<meta name=\"robots\" content=\"index, follow, max-snippet:-1, max-image-preview:large, max-video-preview:-1\" \/>\n<link rel=\"canonical\" href=\"https:\/\/gorinacloth.es\/fr\/produit\/granito-a\/\" \/>\n<meta property=\"og:locale\" content=\"fr_FR\" \/>\n<meta property=\"og:type\" content=\"article\" \/>\n<meta property=\"og:title\" content=\"Granito A - Gorina Cloth\" \/>\n<meta property=\"og:description\" content=\"Con\u00e7u sp\u00e9cifiquement pour les jeux de carambolage qui exigent une plus grande pr\u00e9cision et un rythme l\u00e9g\u00e8rement plus lent, notre tissu A est id\u00e9al pour les disciplines de carambolage \u00e0 une bande et \u00e0 courte distance. Tout en conservant la pr\u00e9cision et le toucher haut de gamme propres \u00e0 Gorina, ce tissu offre un meilleur contr\u00f4le de la balle et un rythme plus doux, permettant aux joueurs de dicter chaque mouvement avec intention.\" \/>\n<meta property=\"og:url\" content=\"https:\/\/gorinacloth.es\/fr\/produit\/granito-a\/\" \/>\n<meta property=\"og:site_name\" content=\"Gorina Cloth\" \/>\n<meta property=\"og:image\" content=\"https:\/\/gorinacloth.es\/wp-content\/uploads\/verde-amarillo-e1750417488428.png\" \/>\n\t<meta property=\"og:image:width\" content=\"661\" \/>\n\t<meta property=\"og:image:height\" content=\"467\" \/>\n\t<meta property=\"og:image:type\" content=\"image\/png\" \/>\n<meta name=\"twitter:card\" content=\"summary_large_image\" \/>\n<script type=\"application\/ld+json\" class=\"yoast-schema-graph\">{\"@context\":\"https:\\\/\\\/schema.org\",\"@graph\":[{\"@type\":\"WebPage\",\"@id\":\"https:\\\/\\\/gorinacloth.es\\\/fr\\\/produit\\\/granito-a\\\/\",\"url\":\"https:\\\/\\\/gorinacloth.es\\\/fr\\\/produit\\\/granito-a\\\/\",\"name\":\"Granito A - Gorina Cloth\",\"isPartOf\":{\"@id\":\"https:\\\/\\\/gorinacloth.es\\\/fr\\\/#website\"},\"primaryImageOfPage\":{\"@id\":\"https:\\\/\\\/gorinacloth.es\\\/fr\\\/produit\\\/granito-a\\\/#primaryimage\"},\"image\":{\"@id\":\"https:\\\/\\\/gorinacloth.es\\\/fr\\\/produit\\\/granito-a\\\/#primaryimage\"},\"thumbnailUrl\":\"https:\\\/\\\/gorinacloth.es\\\/wp-content\\\/uploads\\\/verde-amarillo-e1750417488428.png\",\"datePublished\":\"2025-05-15T07:21:49+00:00\",\"breadcrumb\":{\"@id\":\"https:\\\/\\\/gorinacloth.es\\\/fr\\\/produit\\\/granito-a\\\/#breadcrumb\"},\"inLanguage\":\"fr-FR\",\"potentialAction\":[{\"@type\":\"ReadAction\",\"target\":[\"https:\\\/\\\/gorinacloth.es\\\/fr\\\/produit\\\/granito-a\\\/\"]}]},{\"@type\":\"ImageObject\",\"inLanguage\":\"fr-FR\",\"@id\":\"https:\\\/\\\/gorinacloth.es\\\/fr\\\/produit\\\/granito-a\\\/#primaryimage\",\"url\":\"https:\\\/\\\/gorinacloth.es\\\/wp-content\\\/uploads\\\/verde-amarillo-e1750417488428.png\",\"contentUrl\":\"https:\\\/\\\/gorinacloth.es\\\/wp-content\\\/uploads\\\/verde-amarillo-e1750417488428.png\",\"width\":661,\"height\":467},{\"@type\":\"BreadcrumbList\",\"@id\":\"https:\\\/\\\/gorinacloth.es\\\/fr\\\/produit\\\/granito-a\\\/#breadcrumb\",\"itemListElement\":[{\"@type\":\"ListItem\",\"position\":1,\"name\":\"Portada\",\"item\":\"https:\\\/\\\/gorinacloth.es\\\/fr\\\/pagina-principal\\\/\"},{\"@type\":\"ListItem\",\"position\":2,\"name\":\"Nos linges\",\"item\":\"https:\\\/\\\/gorinacloth.es\\\/fr\\\/nos-linges\\\/\"},{\"@type\":\"ListItem\",\"position\":3,\"name\":\"Granito A\"}]},{\"@type\":\"WebSite\",\"@id\":\"https:\\\/\\\/gorinacloth.es\\\/fr\\\/#website\",\"url\":\"https:\\\/\\\/gorinacloth.es\\\/fr\\\/\",\"name\":\"Gorina Cloth\",\"description\":\"\",\"publisher\":{\"@id\":\"https:\\\/\\\/gorinacloth.es\\\/fr\\\/#organization\"},\"potentialAction\":[{\"@type\":\"SearchAction\",\"target\":{\"@type\":\"EntryPoint\",\"urlTemplate\":\"https:\\\/\\\/gorinacloth.es\\\/fr\\\/?s={search_term_string}\"},\"query-input\":{\"@type\":\"PropertyValueSpecification\",\"valueRequired\":true,\"valueName\":\"search_term_string\"}}],\"inLanguage\":\"fr-FR\"},{\"@type\":\"Organization\",\"@id\":\"https:\\\/\\\/gorinacloth.es\\\/fr\\\/#organization\",\"name\":\"Gorina Cloth\",\"url\":\"https:\\\/\\\/gorinacloth.es\\\/fr\\\/\",\"logo\":{\"@type\":\"ImageObject\",\"inLanguage\":\"fr-FR\",\"@id\":\"https:\\\/\\\/gorinacloth.es\\\/fr\\\/#\\\/schema\\\/logo\\\/image\\\/\",\"url\":\"https:\\\/\\\/gorinacloth.es\\\/wp-content\\\/uploads\\\/logo-gorina-white.svg\",\"contentUrl\":\"https:\\\/\\\/gorinacloth.es\\\/wp-content\\\/uploads\\\/logo-gorina-white.svg\",\"width\":143,\"height\":53,\"caption\":\"Gorina Cloth\"},\"image\":{\"@id\":\"https:\\\/\\\/gorinacloth.es\\\/fr\\\/#\\\/schema\\\/logo\\\/image\\\/\"}}]}<\/script>\n<!-- \/ Yoast SEO plugin. -->","yoast_head_json":{"title":"Granito A - Gorina Cloth","robots":{"index":"index","follow":"follow","max-snippet":"max-snippet:-1","max-image-preview":"max-image-preview:large","max-video-preview":"max-video-preview:-1"},"canonical":"https:\/\/gorinacloth.es\/fr\/produit\/granito-a\/","og_locale":"fr_FR","og_type":"article","og_title":"Granito A - Gorina Cloth","og_description":"Con\u00e7u sp\u00e9cifiquement pour les jeux de carambolage qui exigent une plus grande pr\u00e9cision et un rythme l\u00e9g\u00e8rement plus lent, notre tissu A est id\u00e9al pour les disciplines de carambolage \u00e0 une bande et \u00e0 courte distance. Tout en conservant la pr\u00e9cision et le toucher haut de gamme propres \u00e0 Gorina, ce tissu offre un meilleur contr\u00f4le de la balle et un rythme plus doux, permettant aux joueurs de dicter chaque mouvement avec intention.","og_url":"https:\/\/gorinacloth.es\/fr\/produit\/granito-a\/","og_site_name":"Gorina Cloth","og_image":[{"width":661,"height":467,"url":"https:\/\/gorinacloth.es\/wp-content\/uploads\/verde-amarillo-e1750417488428.png","type":"image\/png"}],"twitter_card":"summary_large_image","schema":{"@context":"https:\/\/schema.org","@graph":[{"@type":"WebPage","@id":"https:\/\/gorinacloth.es\/fr\/produit\/granito-a\/","url":"https:\/\/gorinacloth.es\/fr\/produit\/granito-a\/","name":"Granito A - Gorina Cloth","isPartOf":{"@id":"https:\/\/gorinacloth.es\/fr\/#website"},"primaryImageOfPage":{"@id":"https:\/\/gorinacloth.es\/fr\/produit\/granito-a\/#primaryimage"},"image":{"@id":"https:\/\/gorinacloth.es\/fr\/produit\/granito-a\/#primaryimage"},"thumbnailUrl":"https:\/\/gorinacloth.es\/wp-content\/uploads\/verde-amarillo-e1750417488428.png","datePublished":"2025-05-15T07:21:49+00:00","breadcrumb":{"@id":"https:\/\/gorinacloth.es\/fr\/produit\/granito-a\/#breadcrumb"},"inLanguage":"fr-FR","potentialAction":[{"@type":"ReadAction","target":["https:\/\/gorinacloth.es\/fr\/produit\/granito-a\/"]}]},{"@type":"ImageObject","inLanguage":"fr-FR","@id":"https:\/\/gorinacloth.es\/fr\/produit\/granito-a\/#primaryimage","url":"https:\/\/gorinacloth.es\/wp-content\/uploads\/verde-amarillo-e1750417488428.png","contentUrl":"https:\/\/gorinacloth.es\/wp-content\/uploads\/verde-amarillo-e1750417488428.png","width":661,"height":467},{"@type":"BreadcrumbList","@id":"https:\/\/gorinacloth.es\/fr\/produit\/granito-a\/#breadcrumb","itemListElement":[{"@type":"ListItem","position":1,"name":"Portada","item":"https:\/\/gorinacloth.es\/fr\/pagina-principal\/"},{"@type":"ListItem","position":2,"name":"Nos linges","item":"https:\/\/gorinacloth.es\/fr\/nos-linges\/"},{"@type":"ListItem","position":3,"name":"Granito A"}]},{"@type":"WebSite","@id":"https:\/\/gorinacloth.es\/fr\/#website","url":"https:\/\/gorinacloth.es\/fr\/","name":"Gorina Cloth","description":"","publisher":{"@id":"https:\/\/gorinacloth.es\/fr\/#organization"},"potentialAction":[{"@type":"SearchAction","target":{"@type":"EntryPoint","urlTemplate":"https:\/\/gorinacloth.es\/fr\/?s={search_term_string}"},"query-input":{"@type":"PropertyValueSpecification","valueRequired":true,"valueName":"search_term_string"}}],"inLanguage":"fr-FR"},{"@type":"Organization","@id":"https:\/\/gorinacloth.es\/fr\/#organization","name":"Gorina Cloth","url":"https:\/\/gorinacloth.es\/fr\/","logo":{"@type":"ImageObject","inLanguage":"fr-FR","@id":"https:\/\/gorinacloth.es\/fr\/#\/schema\/logo\/image\/","url":"https:\/\/gorinacloth.es\/wp-content\/uploads\/logo-gorina-white.svg","contentUrl":"https:\/\/gorinacloth.es\/wp-content\/uploads\/logo-gorina-white.svg","width":143,"height":53,"caption":"Gorina Cloth"},"image":{"@id":"https:\/\/gorinacloth.es\/fr\/#\/schema\/logo\/image\/"}}]}},"_links":{"self":[{"href":"https:\/\/gorinacloth.es\/fr\/wp-json\/wp\/v2\/product\/4921","targetHints":{"allow":["GET"]}}],"collection":[{"href":"https:\/\/gorinacloth.es\/fr\/wp-json\/wp\/v2\/product"}],"about":[{"href":"https:\/\/gorinacloth.es\/fr\/wp-json\/wp\/v2\/types\/product"}],"wp:featuredmedia":[{"embeddable":true,"href":"https:\/\/gorinacloth.es\/fr\/wp-json\/wp\/v2\/media\/5832"}],"wp:attachment":[{"href":"https:\/\/gorinacloth.es\/fr\/wp-json\/wp\/v2\/media?parent=4921"}],"wp:term":[{"taxonomy":"product_brand","embeddable":true,"href":"https:\/\/gorinacloth.es\/fr\/wp-json\/wp\/v2\/product_brand?post=4921"},{"taxonomy":"product_cat","embeddable":true,"href":"https:\/\/gorinacloth.es\/fr\/wp-json\/wp\/v2\/product_cat?post=4921"},{"taxonomy":"product_tag","embeddable":true,"href":"https:\/\/gorinacloth.es\/fr\/wp-json\/wp\/v2\/product_tag?post=4921"}],"curies":[{"name":"wp","href":"https:\/\/api.w.org\/{rel}","templated":true}]}}